{"id":9908,"date":"2021-03-19T13:12:19","date_gmt":"2021-03-19T13:12:19","guid":{"rendered":"https:\/\/teamstone.eu\/loja\/?post_type=product&#038;p=9908"},"modified":"2024-12-20T10:41:51","modified_gmt":"2024-12-20T10:41:51","slug":"serviettes-eco-nature-made-in-portugal-bleu-rose-turquoise-made-in-portugal-by-teamstone","status":"publish","type":"product","link":"https:\/\/teamstone.fr\/loja\/product\/serviettes-eco-nature-made-in-portugal-bleu-rose-turquoise-made-in-portugal-by-teamstone\/","title":{"rendered":"Serviettes  ECO NATURE \u2013 MADE in PORTUGAL, Bleu, Rose, Turquoise"},"content":{"rendered":"<p>[vc_row content_placement=&#8221;top&#8221;][vc_column][vc_column_text]<\/p>\n<p style=\"text-align: left;\">Nos serviettes ECO NATURE sont fabriqu\u00e9es avec des fibres Eco-Responsables et recycl\u00e9es avec des proc\u00e9d\u00e9s ayant moins d\u2019impact sur l\u2019environnement.<br \/>\nLes mati\u00e8res premi\u00e8res proviennent de sources plus durables. Le coton est recycl\u00e9 ou produit en utilisant moins d\u2019eau, moins d\u2019engrais chimiques et de pesticides.<br \/>\nLe processus de recyclage n\u2019utilise pas d\u2019eau ou de produits chimiques toxiques tels que les pesticides, les engrais et m\u00eame les colorants. L\u2019ensemble du processus de coloration provient des couleurs que les fibres ont d\u00e9j\u00e0, et de leur m\u00e9lange avec d\u2019autres de la m\u00eame mati\u00e8re et de la m\u00eame couleur.<br \/>\nCes serviettes de bain ont un s\u00e9chage rapide et efficace apr\u00e8s le bain, avec un grammage sup\u00e9rieur qui donne un \u00e9norme confort et garantit la durabilit\u00e9.<\/p>\n<p style=\"text-align: left;\"><img loading=\"lazy\" class=\"size-full wp-image-13366 alignleft\" src=\"http:\/\/teamstone.eu\/loja\/wp-content\/uploads\/2020\/12\/ETIQUETA-ORGANIC-CO-REC-CO.png\" alt=\"\" width=\"327\" height=\"63\" srcset=\"https:\/\/teamstone.fr\/loja\/wp-content\/uploads\/2020\/12\/ETIQUETA-ORGANIC-CO-REC-CO.png 327w, https:\/\/teamstone.fr\/loja\/wp-content\/uploads\/2020\/12\/ETIQUETA-ORGANIC-CO-REC-CO-300x58.png 300w, https:\/\/teamstone.fr\/loja\/wp-content\/uploads\/2020\/12\/ETIQUETA-ORGANIC-CO-REC-CO-100x19.png 100w\" sizes=\"(max-width: 327px) 100vw, 327px\" \/><\/p>\n<p>&nbsp;<\/p>\n<p>&nbsp;<\/p>\n<p style=\"text-align: left;\">Garantie de contr\u00f4le de qualit\u00e9<br \/>\nFabriqu\u00e9 au Portugal<br \/>\nMade in Portugal<\/p>\n<p>[\/vc_column_text][vc_column_text]<\/p>\n<h5 style=\"text-align: center;\"><span style=\"color: #ff6600;\">Si ce produit est \u00e9puis\u00e9, pri\u00e8re de nous contacter par email <a style=\"color: #ff6600;\" href=\"mailto:info@teamstone.eu\"><span style=\"color: #003366;\">info@teamstone.eu<\/span><\/a><\/span><\/h5>\n<p>[\/vc_column_text][vc_column_text]<\/p>\n<h6><img loading=\"lazy\" class=\"alignnone wp-image-2914 size-full\" src=\"https:\/\/teamstone.eu\/loja\/wp-content\/uploads\/2017\/06\/reciclavel.png\" alt=\"\" width=\"50\" height=\"47\" \/><strong>Article recyclable; \u00e0 la \u201cfin de la vie&#8221; peut \u00eatre plac\u00e9 \u00e0 un point de collecte<\/strong>.<\/h6>\n<p>[\/vc_column_text][\/vc_column][\/vc_row][vc_row el_id=&#8221;tamanhos&#8221;][vc_column][vc_empty_space height=&#8221;60px&#8221;][vc_tta_accordion style=&#8221;modern&#8221; active_section=&#8221;non-existing number&#8221; collapsible_all=&#8221;true&#8221;][vc_tta_section title=&#8221;DETAILS&#8221; tab_id=&#8221;1524225399024-c7e87548-dfdd&#8221;][vc_column_text]<\/p>\n<div class=\"intro\">\n<p style=\"text-align: left;\">50% coton biologique \/ 50% coton recycl\u00e9<br \/>\nServiette de bain 70&#215;140 cm<\/p>\n<p style=\"text-align: left;\">SOINS:<br \/>\nLaver \u00e0 30\u00b0C<br \/>\nNe pas utiliser de javel<\/p>\n<p style=\"text-align: left;\">Produit susceptible de porter de l\u00e9g\u00e8res variations de dimension.<\/p>\n<\/div>\n<div class=\"guide\">\n<p>&nbsp;<\/p>\n<\/div>\n<p>[\/vc_column_text][\/vc_tta_section][\/vc_tta_accordion][\/vc_column][\/vc_row][vc_row][vc_column][\/vc_column][\/vc_row]<\/p>\n","protected":false},"excerpt":{"rendered":"<p><strong>Fabriqu\u00e9es avec coton biologique et coton recycl\u00e9 doux et absorbant, les serviettes eco-nature, son parfaites pour la plage ou la piscine. Compact, l\u00e9geres et faciles \u00e0 rouler.<\/strong><\/p>\n<p><strong>Made in Portugal<\/strong><\/p>\n<h6><\/h6>\n","protected":false},"featured_media":9270,"comment_status":"open","ping_status":"closed","template":"","meta":[],"_links":{"self":[{"href":"https:\/\/teamstone.fr\/loja\/wp-json\/wp\/v2\/product\/9908"}],"collection":[{"href":"https:\/\/teamstone.fr\/loja\/wp-json\/wp\/v2\/product"}],"about":[{"href":"https:\/\/teamstone.fr\/loja\/wp-json\/wp\/v2\/types\/product"}],"replies":[{"embeddable":true,"href":"https:\/\/teamstone.fr\/loja\/wp-json\/wp\/v2\/comments?post=9908"}],"wp:featuredmedia":[{"embeddable":true,"href":"https:\/\/teamstone.fr\/loja\/wp-json\/wp\/v2\/media\/9270"}],"wp:attachment":[{"href":"https:\/\/teamstone.fr\/loja\/wp-json\/wp\/v2\/media?parent=9908"}],"curies":[{"name":"wp","href":"https:\/\/api.w.org\/{rel}","templated":true}]}}