{"id":9872,"date":"2020-03-18T17:20:41","date_gmt":"2020-03-18T17:20:41","guid":{"rendered":"https:\/\/teamstone.eu\/loja\/?post_type=product&#038;p=9872"},"modified":"2021-03-19T10:22:48","modified_gmt":"2021-03-19T10:22:48","slug":"chemise-de-nuit-eco-responsable-3","status":"publish","type":"product","link":"https:\/\/teamstone.fr\/loja\/product\/chemise-de-nuit-eco-responsable-3\/","title":{"rendered":"Chemise de nuit \u00e9co-responsable"},"content":{"rendered":"<p>[vc_row content_placement=&#8221;top&#8221;][vc_column][vc_column_text][\/vc_column_text][vc_column_text]<\/p>\n<h5 style=\"text-align: center;\"><span style=\"color: #ff6600;\">Si ce produit est \u00e9puis\u00e9, pri\u00e8re de nous contacter par email <a style=\"color: #ff6600;\" href=\"mailto:info@teamstone.eu\"><span style=\"color: #003366;\">info@teamstone.eu<\/span><\/a><\/span><\/h5>\n<p>[\/vc_column_text][vc_column_text]<\/p>\n<h6 style=\"text-align: center;\"><\/h6>\n<p><img loading=\"lazy\" class=\"wp-image-2914 alignleft\" src=\"https:\/\/teamstone.eu\/loja\/wp-content\/uploads\/2017\/06\/reciclavel.png\" alt=\"\" width=\"60\" height=\"56\" \/><\/p>\n<p style=\"text-align: left;\"><strong>Article recyclable; \u00e0 la \u201cfin de la vie&#8221; peut \u00eatre plac\u00e9 \u00e0 un point de collecte<\/strong>.<\/p>\n<p>&nbsp;<\/p>\n<p>[\/vc_column_text][\/vc_column][\/vc_row][vc_row el_id=&#8221;tamanhos&#8221;][vc_column][vc_empty_space height=&#8221;60px&#8221;][vc_tta_accordion style=&#8221;modern&#8221; active_section=&#8221;non-existing number&#8221; collapsible_all=&#8221;true&#8221;][vc_tta_section tab_id=&#8221;1524225399024-c7e87548-dfdd&#8221;][vc_column_text]<\/p>\n<div class=\"intro\"><\/div>\n<div class=\"guide\">\n<p>&nbsp;<\/p>\n<\/div>\n<p>[\/vc_column_text][\/vc_tta_section][\/vc_tta_accordion][\/vc_column][\/vc_row][vc_row][vc_column][\/vc_column][\/vc_row]<\/p>\n","protected":false},"excerpt":{"rendered":"<p><strong><img loading=\"lazy\" class=\"alignnone size-medium wp-image-9855\" src=\"https:\/\/teamstone.eu\/loja\/wp-content\/uploads\/2021\/03\/2-2-300x300.png\" alt=\"\" width=\"300\" height=\"300\" srcset=\"https:\/\/teamstone.fr\/loja\/wp-content\/uploads\/2021\/03\/2-2-300x300.png 300w, https:\/\/teamstone.fr\/loja\/wp-content\/uploads\/2021\/03\/2-2-1024x1024.png 1024w, https:\/\/teamstone.fr\/loja\/wp-content\/uploads\/2021\/03\/2-2-100x100.png 100w, https:\/\/teamstone.fr\/loja\/wp-content\/uploads\/2021\/03\/2-2-768x768.png 768w, https:\/\/teamstone.fr\/loja\/wp-content\/uploads\/2021\/03\/2-2-600x600.png 600w, https:\/\/teamstone.fr\/loja\/wp-content\/uploads\/2021\/03\/2-2-700x700.png 700w, https:\/\/teamstone.fr\/loja\/wp-content\/uploads\/2021\/03\/2-2.png 1080w\" sizes=\"(max-width: 300px) 100vw, 300px\" \/><\/strong><\/p>\n<p><strong>MADE IN PORTUGAL<\/strong><\/p>\n","protected":false},"featured_media":9189,"comment_status":"open","ping_status":"closed","template":"","meta":[],"_links":{"self":[{"href":"https:\/\/teamstone.fr\/loja\/wp-json\/wp\/v2\/product\/9872"}],"collection":[{"href":"https:\/\/teamstone.fr\/loja\/wp-json\/wp\/v2\/product"}],"about":[{"href":"https:\/\/teamstone.fr\/loja\/wp-json\/wp\/v2\/types\/product"}],"replies":[{"embeddable":true,"href":"https:\/\/teamstone.fr\/loja\/wp-json\/wp\/v2\/comments?post=9872"}],"wp:featuredmedia":[{"embeddable":true,"href":"https:\/\/teamstone.fr\/loja\/wp-json\/wp\/v2\/media\/9189"}],"wp:attachment":[{"href":"https:\/\/teamstone.fr\/loja\/wp-json\/wp\/v2\/media?parent=9872"}],"curies":[{"name":"wp","href":"https:\/\/api.w.org\/{rel}","templated":true}]}}