{"id":9016,"date":"2022-11-05T17:48:28","date_gmt":"2022-11-05T17:48:28","guid":{"rendered":"https:\/\/teamstone.eu\/loja\/?post_type=product&#038;p=9016"},"modified":"2025-12-28T13:02:25","modified_gmt":"2025-12-28T13:02:25","slug":"poncho-cappe-de-cocooning-made-in-portugal-by-teamstone-2","status":"publish","type":"product","link":"https:\/\/teamstone.fr\/loja\/product\/poncho-cappe-de-cocooning-made-in-portugal-by-teamstone-2\/","title":{"rendered":"Poncho \/ cappe de cocooning"},"content":{"rendered":"<p>[vc_row content_placement=&#8221;top&#8221;][vc_column][vc_column_text]<\/p>\n<p style=\"text-align: left;\">On adore ce poncho-cape d&#8217;int\u00e9rieur \u00e0 enfiler dans lequel il est si agr\u00e9able de s&#8217;emmitoufler pour se reposer \u00e0 la maison.<br \/>\nTr\u00e9s moelleux parfait pour cocooner. Sa coupe ample et sa texture ultra confortable invitent \u00e0 l\u00e2cher prise pour un moment de bien-\u00eatre imm\u00e9diat.<br \/>\nD\u00e9tail malin: ce poncho est produit en utilisant un tissu de 60% Coton et 40% Polyester &#8211; Eco-Responsable. Superbe toucher tr\u00e8s doux. Il est tr\u00e8s agr\u00e9able \u00e0 porter.<\/p>\n<p style=\"text-align: left;\">Taille unique.<\/p>\n<p style=\"text-align: left;\">Le mannequin mesure 170 cm, et porte\u00a0 taille unique.<br \/>\nContr\u00f4le de confection et qualit\u00e9.<\/p>\n<p style=\"text-align: left;\">Fabriqu\u00e9 au Portugal.<br \/>\nMade in Portugal<\/p>\n<p style=\"text-align: left;\">Composition &amp; Soin:<br \/>\n\u2013 Lavable en machine \u00e0 30\u00b0 avec des couleurs similaires<\/p>\n<p>[\/vc_column_text][vc_column_text]<\/p>\n<h5 style=\"text-align: center;\"><span style=\"color: #ff6600;\">Si ce produit est \u00e9puis\u00e9, pri\u00e8re de nous\u00a0 contacter \u00a0par email <a style=\"color: #ff6600;\" href=\"mailto:info@teamstone.eu\"><span style=\"color: #003366;\">info@teamstone.eu<\/span><\/a><\/span><\/h5>\n<p>[\/vc_column_text][vc_column_text]<\/p>\n<h6><img loading=\"lazy\" class=\"alignnone wp-image-2914 size-full\" src=\"https:\/\/teamstone.eu\/loja\/wp-content\/uploads\/2017\/06\/reciclavel.png\" alt=\"\" width=\"50\" height=\"47\" \/><strong>Article recyclable; \u00e0 la \u201cfin de la vie&#8221; peut \u00eatre plac\u00e9 \u00e0 un point de collecte<\/strong>.<\/h6>\n<p>[\/vc_column_text][\/vc_column][\/vc_row][vc_row el_id=&#8221;tamanhos&#8221;][vc_column][vc_empty_space height=&#8221;60px&#8221;][vc_tta_accordion style=&#8221;modern&#8221; active_section=&#8221;non-existing number&#8221; collapsible_all=&#8221;true&#8221;][vc_tta_section tab_id=&#8221;1524225399024-c7e87548-dfdd&#8221;][vc_column_text]<\/p>\n<div class=\"intro\"><\/div>\n<div class=\"guide\">\n<p>&nbsp;<\/p>\n<\/div>\n<p>[\/vc_column_text][\/vc_tta_section][\/vc_tta_accordion][\/vc_column][\/vc_row][vc_row][vc_column][\/vc_column][\/vc_row]<\/p>\n","protected":false},"excerpt":{"rendered":"<p><strong>On adore ce poncho-cape d&#8217;int\u00e9rieur \u00e0 enfiler dans lequel il est si agr\u00e9able de s&#8217;emmitoufler pour se reposer \u00e0 la maison.<\/strong><br \/>\n<strong>Tr\u00e9s moelleux parfait pour cocooner. Sa coupe ample et sa texture ultra confortable invitent \u00e0 l\u00e2cher prise pour un moment de bien-\u00eatre imm\u00e9diat.<\/strong><\/p>\n<p><strong>Made in Portugal<\/strong><\/p>\n","protected":false},"featured_media":9009,"comment_status":"open","ping_status":"closed","template":"","meta":[],"_links":{"self":[{"href":"https:\/\/teamstone.fr\/loja\/wp-json\/wp\/v2\/product\/9016"}],"collection":[{"href":"https:\/\/teamstone.fr\/loja\/wp-json\/wp\/v2\/product"}],"about":[{"href":"https:\/\/teamstone.fr\/loja\/wp-json\/wp\/v2\/types\/product"}],"replies":[{"embeddable":true,"href":"https:\/\/teamstone.fr\/loja\/wp-json\/wp\/v2\/comments?post=9016"}],"wp:featuredmedia":[{"embeddable":true,"href":"https:\/\/teamstone.fr\/loja\/wp-json\/wp\/v2\/media\/9009"}],"wp:attachment":[{"href":"https:\/\/teamstone.fr\/loja\/wp-json\/wp\/v2\/media?parent=9016"}],"curies":[{"name":"wp","href":"https:\/\/api.w.org\/{rel}","templated":true}]}}