{"id":8661,"date":"2024-07-07T17:10:13","date_gmt":"2024-07-07T17:10:13","guid":{"rendered":"https:\/\/teamstone.eu\/loja\/?post_type=product&#038;p=8661"},"modified":"2024-12-27T18:02:49","modified_gmt":"2024-12-27T18:02:49","slug":"chemise-de-nuit-manches-longues-bleu-saumon-grande-taille-made-in-portugal-by-teamstone","status":"publish","type":"product","link":"https:\/\/teamstone.fr\/loja\/product\/chemise-de-nuit-manches-longues-bleu-saumon-grande-taille-made-in-portugal-by-teamstone\/","title":{"rendered":"Chemise de nuit manches longues, Saumon, Bleu \u2013 GRANDE TAILLE"},"content":{"rendered":"<p>[vc_row content_placement=&#8221;top&#8221;][vc_column][vc_column_text]<\/p>\n<p style=\"text-align: left;\">Liquette femme chaude et tr\u00e8s confortable en interlock gratt\u00e9. Nuisette dot\u00e9e d\u2019une encolure ronde et d\u2019une riche broderie qui met en valeur l\u2019empi\u00e8cement et la patte boutonnage avec 4 boutons. Le noeud en satin \u00e0 la base de la patte de boutonnage est un d\u00e9tail f\u00e9minin exquis. Les manches sont longues, finies par des poignets bracelet. Base avec finition double piq\u00fbre achev\u00e9es.<\/p>\n<p style=\"text-align: left;\">Chemise de nuit disponible en grandes tailles.<\/p>\n<p style=\"text-align: left;\">Longueur: Env. 110 cm<br \/>\nComposition &amp; Soin:<br \/>\n\u2013 Chemise de nuit en maille interlock gratt\u00e9<br \/>\n\u2013 Lavable en machine \u00e0 30\u00b0 avec des couleurs similaires<br \/>\n\u2013 Laver et repasser du c\u00f4t\u00e9 envers du produit<br \/>\n\u2013 Ne pas s\u00e9cher au s\u00e8che-linge<br \/>\n\u2013 Repasser \u00e0 basse temp\u00e9rature.<\/p>\n<p>[\/vc_column_text][vc_column_text]<\/p>\n<h5 style=\"text-align: center;\"><span style=\"color: #ff6600;\">Si ce produit est \u00e9puis\u00e9, pri\u00e8re de nous contacter par email <a style=\"color: #ff6600;\" href=\"mailto:info@teamstone.eu\"><span style=\"color: #003366;\">info@teamstone.eu<\/span><\/a><\/span><\/h5>\n<p>[\/vc_column_text][vc_column_text]<\/p>\n<h6><img loading=\"lazy\" class=\"alignnone wp-image-2914 size-full\" src=\"https:\/\/teamstone.eu\/loja\/wp-content\/uploads\/2017\/06\/reciclavel.png\" alt=\"\" width=\"50\" height=\"47\" \/><strong>Article recyclable; \u00e0 la \u201cfin de la vie&#8221; peut \u00eatre plac\u00e9 \u00e0 un point de collecte<\/strong>.<\/h6>\n<p>[\/vc_column_text][\/vc_column][\/vc_row][vc_row el_id=&#8221;tamanhos&#8221;][vc_column][vc_empty_space height=&#8221;60px&#8221;][vc_tta_accordion style=&#8221;modern&#8221; active_section=&#8221;non-existing number&#8221; collapsible_all=&#8221;true&#8221;][vc_tta_section title=&#8221;Tableau des Tailles&#8221; tab_id=&#8221;1524225399024-c7e87548-dfdd&#8221;][vc_column_text]<\/p>\n<div class=\"intro\">\n<p><img loading=\"lazy\" class=\"wp-image-8134 size-full\" src=\"https:\/\/teamstone.eu\/loja\/wp-content\/uploads\/2019\/05\/tabelas-de-medidas-tamanhos-grandes-34-36-ao-62-64-FRANCES.png\" alt=\"Tabela de medidas tamanhos grandes - Fran\u00e7\u00eas\" width=\"800\" height=\"597\" srcset=\"https:\/\/teamstone.fr\/loja\/wp-content\/uploads\/2019\/05\/tabelas-de-medidas-tamanhos-grandes-34-36-ao-62-64-FRANCES.png 800w, https:\/\/teamstone.fr\/loja\/wp-content\/uploads\/2019\/05\/tabelas-de-medidas-tamanhos-grandes-34-36-ao-62-64-FRANCES-300x224.png 300w, https:\/\/teamstone.fr\/loja\/wp-content\/uploads\/2019\/05\/tabelas-de-medidas-tamanhos-grandes-34-36-ao-62-64-FRANCES-100x75.png 100w, https:\/\/teamstone.fr\/loja\/wp-content\/uploads\/2019\/05\/tabelas-de-medidas-tamanhos-grandes-34-36-ao-62-64-FRANCES-768x573.png 768w, https:\/\/teamstone.fr\/loja\/wp-content\/uploads\/2019\/05\/tabelas-de-medidas-tamanhos-grandes-34-36-ao-62-64-FRANCES-600x448.png 600w, https:\/\/teamstone.fr\/loja\/wp-content\/uploads\/2019\/05\/tabelas-de-medidas-tamanhos-grandes-34-36-ao-62-64-FRANCES-700x522.png 700w\" sizes=\"(max-width: 800px) 100vw, 800px\" \/><\/p>\n<\/div>\n<div class=\"guide\">\n<p>&nbsp;<\/p>\n<\/div>\n<p>[\/vc_column_text][\/vc_tta_section][\/vc_tta_accordion][\/vc_column][\/vc_row][vc_row][vc_column][\/vc_column][\/vc_row]<\/p>\n","protected":false},"excerpt":{"rendered":"<p><strong>Chemise de nuit chaude et tr\u00e8s confortable.<\/strong><br \/>\n<strong>Made in Portugal.<\/strong><\/p>\n<h5><a href=\"#tamanhos\" rel=\"noopener\"><strong>Voir Tableau des Tailles<\/strong><\/a><\/h5>\n","protected":false},"featured_media":3941,"comment_status":"open","ping_status":"closed","template":"","meta":[],"_links":{"self":[{"href":"https:\/\/teamstone.fr\/loja\/wp-json\/wp\/v2\/product\/8661"}],"collection":[{"href":"https:\/\/teamstone.fr\/loja\/wp-json\/wp\/v2\/product"}],"about":[{"href":"https:\/\/teamstone.fr\/loja\/wp-json\/wp\/v2\/types\/product"}],"replies":[{"embeddable":true,"href":"https:\/\/teamstone.fr\/loja\/wp-json\/wp\/v2\/comments?post=8661"}],"wp:featuredmedia":[{"embeddable":true,"href":"https:\/\/teamstone.fr\/loja\/wp-json\/wp\/v2\/media\/3941"}],"wp:attachment":[{"href":"https:\/\/teamstone.fr\/loja\/wp-json\/wp\/v2\/media?parent=8661"}],"curies":[{"name":"wp","href":"https:\/\/api.w.org\/{rel}","templated":true}]}}