{"id":8424,"date":"2019-05-08T11:00:15","date_gmt":"2019-05-08T11:00:15","guid":{"rendered":"https:\/\/teamstone.eu\/loja\/?post_type=product&#038;p=8424"},"modified":"2025-08-04T18:21:43","modified_gmt":"2025-08-04T18:21:43","slug":"peignoir-de-bain-et-spa-uni-rayures-blanc-made-in-portugal-by-teamstone","status":"publish","type":"product","link":"https:\/\/teamstone.fr\/loja\/product\/peignoir-de-bain-et-spa-uni-rayures-blanc-made-in-portugal-by-teamstone\/","title":{"rendered":"Peignoir de bain et SPA uni rayures, Blanc"},"content":{"rendered":"<p>[vc_row content_placement=&#8221;top&#8221;][vc_column][vc_column_text]<\/p>\n<p style=\"text-align: left;\">Peignoir de bain uni rayures moelleux en \u00e8ponge 100% coton, agr\u00e9ablement absorbant. Profitez d&#8217;une douceur et d&#8217;un confort uniques et vivez une exp\u00e9rience de SPA chez vous.<br \/>\nGarantie de contr\u00f4le de qualit\u00e9.<br \/>\nFabriqu\u00e9 au Portugal<br \/>\nMade in Portugal<\/p>\n<p>[\/vc_column_text][vc_column_text]<\/p>\n<h5 style=\"text-align: center;\"><span style=\"color: #ff6600;\">Si ce produit est \u00e9puis\u00e9, pri\u00e8re de nous contacter par email <a style=\"color: #ff6600;\" href=\"mailto:info@teamstone.eu\"><span style=\"color: #003366;\">info@teamstone.eu<\/span><\/a><\/span><\/h5>\n<p>[\/vc_column_text][vc_column_text]<\/p>\n<h6><img loading=\"lazy\" class=\"alignnone wp-image-2914 size-full\" src=\"https:\/\/teamstone.eu\/loja\/wp-content\/uploads\/2017\/06\/reciclavel.png\" alt=\"\" width=\"50\" height=\"47\" \/><strong>Article recyclable; \u00e0 la \u201cfin de la vie&#8221; peut \u00eatre plac\u00e9 \u00e0 un point de collecte<\/strong>.<\/h6>\n<p>[\/vc_column_text][\/vc_column][\/vc_row][vc_row el_id=&#8221;tamanhos&#8221;][vc_column][vc_empty_space height=&#8221;60px&#8221;][vc_tta_accordion style=&#8221;modern&#8221; active_section=&#8221;non-existing number&#8221; collapsible_all=&#8221;true&#8221;][vc_tta_section title=&#8221;DETAILS&#8221; tab_id=&#8221;1524225399024-c7e87548-dfdd&#8221;][vc_column_text]<\/p>\n<div class=\"intro\" style=\"text-align: left;\">100% coton<br \/>\nTailles: M, L, XL, XXL<\/div>\n<div style=\"text-align: left;\"><\/div>\n<div class=\"intro\" style=\"text-align: left;\">PRECAUTIONS<br \/>\nLaver \u00e0 40\u00b0C<br \/>\nNe pas utiliser d\u2019eau de javel<br \/>\nS\u00e9chage en machine utilisant un programme normal<\/div>\n<div class=\"intro\" style=\"text-align: left;\">Produits susceptibles de petites variations de taille.<\/div>\n<div class=\"guide\">\n<p>&nbsp;<\/p>\n<\/div>\n<p>[\/vc_column_text][\/vc_tta_section][\/vc_tta_accordion][\/vc_column][\/vc_row][vc_row][vc_column][\/vc_column][\/vc_row]<\/p>\n","protected":false},"excerpt":{"rendered":"<p><strong>Peignoir de bain uni rayures moelleux en \u00e8ponge 100% coton, agr\u00e9ablement absorbant. Profitez d&#8217;une douceur et d&#8217;un confort uniques et vivez une exp\u00e9rience de SPA chez vous.<br \/>\nMade in Portugal<\/strong><\/p>\n<h6><\/h6>\n","protected":false},"featured_media":9078,"comment_status":"open","ping_status":"closed","template":"","meta":[],"_links":{"self":[{"href":"https:\/\/teamstone.fr\/loja\/wp-json\/wp\/v2\/product\/8424"}],"collection":[{"href":"https:\/\/teamstone.fr\/loja\/wp-json\/wp\/v2\/product"}],"about":[{"href":"https:\/\/teamstone.fr\/loja\/wp-json\/wp\/v2\/types\/product"}],"replies":[{"embeddable":true,"href":"https:\/\/teamstone.fr\/loja\/wp-json\/wp\/v2\/comments?post=8424"}],"wp:featuredmedia":[{"embeddable":true,"href":"https:\/\/teamstone.fr\/loja\/wp-json\/wp\/v2\/media\/9078"}],"wp:attachment":[{"href":"https:\/\/teamstone.fr\/loja\/wp-json\/wp\/v2\/media?parent=8424"}],"curies":[{"name":"wp","href":"https:\/\/api.w.org\/{rel}","templated":true}]}}