{"id":8336,"date":"2020-12-22T20:55:59","date_gmt":"2020-12-22T20:55:59","guid":{"rendered":"https:\/\/teamstone.eu\/loja\/?post_type=product&#038;p=8336"},"modified":"2025-03-13T18:37:24","modified_gmt":"2025-03-13T18:37:24","slug":"robe-de-chambre-moelleux-cats-in-love-grand-taille-made-in-portugal-by-teamstone","status":"publish","type":"product","link":"https:\/\/teamstone.fr\/loja\/product\/robe-de-chambre-moelleux-cats-in-love-grand-taille-made-in-portugal-by-teamstone\/","title":{"rendered":"Robe de chambre moelleux CATS IN LOVE &#8211; GRAND TAILLE"},"content":{"rendered":"<p>[vc_row content_placement=&#8221;top&#8221;][vc_column][vc_column_text]<\/p>\n<p style=\"text-align: left;\">Peignoir Eco-responsable\u00a0 femme mouelleux et bien chaud, avec un toucher doux et agr\u00e9able, id\u00e9al pour cet hiver.<br \/>\nSuper tentant, parfait pour rester bien au chaud chez soi.<br \/>\nEn une mixit\u00e9 de gris.<br \/>\nRobe de chambre uni zipp\u00e9e. Col douillet, poches devant et brod\u00e9 a la poitrine. Ceinture \u00e9lastiqu\u00e9e devant termin\u00e9 par des petits n\u0153uds.<\/p>\n<p>Robe disponible en grandes tailles.<br \/>\nContr\u00f4le de confection et qualit\u00e9.<br \/>\nFabriqu\u00e9 au Portugal.<br \/>\nMade in Portugal<\/p>\n<p style=\"text-align: left;\">Longueur: Env. 110 cm<\/p>\n<p style=\"text-align: left;\">Composition &amp; Soin:<br \/>\n\u2013 Robe de chambre en maille Eco-responsable 60% coton recycl\u00e9\u00a0 \/ 40% Polyester recycl\u00e9 de bouteilles R-pet<br \/>\n\u2013 Lavable en machine \u00e0 30\u00b0 avec des couleurs similaires<br \/>\n\u2013 Laver et repasser du c\u00f4t\u00e9 envers du produit<br \/>\n\u2013 Ne pas s\u00e9cher au s\u00e8che-linge<br \/>\n\u2013 Repasser \u00e0 basse temp\u00e9rature.<\/p>\n<p>[\/vc_column_text][vc_column_text]<\/p>\n<h5 style=\"text-align: center;\"><span style=\"color: #ff6600;\">Si ce produit est \u00e9puis\u00e9, pri\u00e8re de nous contacter par email <a style=\"color: #ff6600;\" href=\"mailto:info@teamstone.eu\"><span style=\"color: #003366;\">info@teamstone.eu<\/span><\/a><\/span><\/h5>\n<p>[\/vc_column_text][vc_column_text]<\/p>\n<h6><img loading=\"lazy\" class=\"alignnone wp-image-2914 size-full\" src=\"https:\/\/teamstone.eu\/loja\/wp-content\/uploads\/2017\/06\/reciclavel.png\" alt=\"\" width=\"50\" height=\"47\" \/><strong>Article recyclable; \u00e0 la \u201cfin de la vie&#8221; peut \u00eatre plac\u00e9 \u00e0 un point de collecte<\/strong>.<\/h6>\n<p>[\/vc_column_text][\/vc_column][\/vc_row][vc_row el_id=&#8221;tamanhos&#8221;][vc_column][vc_empty_space height=&#8221;60px&#8221;][vc_tta_accordion style=&#8221;modern&#8221; active_section=&#8221;non-existing number&#8221; collapsible_all=&#8221;true&#8221;][vc_tta_section title=&#8221;Tableau des Tailles&#8221; tab_id=&#8221;1524225399024-c7e87548-dfdd&#8221;][vc_column_text]<\/p>\n<div class=\"intro\">\n<p><img loading=\"lazy\" class=\"size-full wp-image-8134\" src=\"https:\/\/teamstone.eu\/loja\/wp-content\/uploads\/2019\/05\/tabelas-de-medidas-tamanhos-grandes-34-36-ao-62-64-FRANCES.png\" alt=\"Tabela de medidas tamanhos grandes - Fran\u00e7\u00eas\" width=\"800\" height=\"597\" srcset=\"https:\/\/teamstone.fr\/loja\/wp-content\/uploads\/2019\/05\/tabelas-de-medidas-tamanhos-grandes-34-36-ao-62-64-FRANCES.png 800w, https:\/\/teamstone.fr\/loja\/wp-content\/uploads\/2019\/05\/tabelas-de-medidas-tamanhos-grandes-34-36-ao-62-64-FRANCES-300x224.png 300w, https:\/\/teamstone.fr\/loja\/wp-content\/uploads\/2019\/05\/tabelas-de-medidas-tamanhos-grandes-34-36-ao-62-64-FRANCES-100x75.png 100w, https:\/\/teamstone.fr\/loja\/wp-content\/uploads\/2019\/05\/tabelas-de-medidas-tamanhos-grandes-34-36-ao-62-64-FRANCES-768x573.png 768w, https:\/\/teamstone.fr\/loja\/wp-content\/uploads\/2019\/05\/tabelas-de-medidas-tamanhos-grandes-34-36-ao-62-64-FRANCES-600x448.png 600w, https:\/\/teamstone.fr\/loja\/wp-content\/uploads\/2019\/05\/tabelas-de-medidas-tamanhos-grandes-34-36-ao-62-64-FRANCES-700x522.png 700w\" sizes=\"(max-width: 800px) 100vw, 800px\" \/><\/p>\n<\/div>\n<div class=\"guide\">\n<p>&nbsp;<\/p>\n<\/div>\n<p>[\/vc_column_text][\/vc_tta_section][\/vc_tta_accordion][\/vc_column][\/vc_row][vc_row][vc_column][\/vc_column][\/vc_row]<\/p>\n","protected":false},"excerpt":{"rendered":"<p><strong>Peignore Eco-responsable doux et bien chaud, avec un toucher agr\u00e9able, id\u00e9al pour cet hiver.<\/strong><br \/>\n<strong>Super tentant, parfait pour rester bien au chaud chez soi.<\/strong><br \/>\n<strong>Made in Portugal<\/strong><\/p>\n<h6><a href=\"#tamanhos\" rel=\"noopener\"><strong>Voir Tableau des Tailles<\/strong><\/a><\/h6>\n","protected":false},"featured_media":8329,"comment_status":"open","ping_status":"closed","template":"","meta":[],"_links":{"self":[{"href":"https:\/\/teamstone.fr\/loja\/wp-json\/wp\/v2\/product\/8336"}],"collection":[{"href":"https:\/\/teamstone.fr\/loja\/wp-json\/wp\/v2\/product"}],"about":[{"href":"https:\/\/teamstone.fr\/loja\/wp-json\/wp\/v2\/types\/product"}],"replies":[{"embeddable":true,"href":"https:\/\/teamstone.fr\/loja\/wp-json\/wp\/v2\/comments?post=8336"}],"wp:featuredmedia":[{"embeddable":true,"href":"https:\/\/teamstone.fr\/loja\/wp-json\/wp\/v2\/media\/8329"}],"wp:attachment":[{"href":"https:\/\/teamstone.fr\/loja\/wp-json\/wp\/v2\/media?parent=8336"}],"curies":[{"name":"wp","href":"https:\/\/api.w.org\/{rel}","templated":true}]}}