{"id":7353,"date":"2019-05-08T11:40:28","date_gmt":"2019-05-08T11:40:28","guid":{"rendered":"https:\/\/teamstone.eu\/loja\/?post_type=product&#038;p=7353"},"modified":"2023-12-04T19:08:32","modified_gmt":"2023-12-04T19:08:32","slug":"serviettes-de-bain-jacquard-grega-coton-naturel-gris-argent-made-in-portugal-by-teamstone","status":"publish","type":"product","link":"https:\/\/teamstone.fr\/loja\/product\/serviettes-de-bain-jacquard-grega-coton-naturel-gris-argent-made-in-portugal-by-teamstone\/","title":{"rendered":"Serviettes de bain jacquard Grega, Coton Naturel, Gris Argent"},"content":{"rendered":"<p>[vc_row content_placement=&#8221;top&#8221;][vc_column][vc_column_text]<\/p>\n<p style=\"text-align: left;\">Les serviettes de bain avec design en jacquard et double face, sont agr\u00e9ablement absorbantes et offrent confort et souplesse. En 100% coton vierge. Avec un grammage sup\u00e9rieur \u00e0 500 grammes qui accro\u00eet l&#8217;absorption de l&#8217;eau et le confort dans l&#8217;enveloppement. A souligner la barre en ton contrastant du m\u00eame design de jacquard.<br \/>\nLes serviettes acqui\u00e8rent une meilleure capacit\u00e9 d&#8217;absorption apr\u00e8s un premier lavage.<br \/>\nFinition ourl\u00e9e \u00e0 double piq\u00fbre.<br \/>\nGarantie de contr\u00f4le de qualit\u00e9.<br \/>\nFabriqu\u00e9 au Portugal<br \/>\nMade in Portugal<\/p>\n<p>[\/vc_column_text][vc_column_text]<\/p>\n<h5 style=\"text-align: center;\"><span style=\"color: #ff6600;\">Si ce produit est \u00e9puis\u00e9, pri\u00e8re de nous contacter par email <a style=\"color: #ff6600;\" href=\"mailto:info@teamstone.eu\"><span style=\"color: #003366;\">info@teamstone.eu<\/span><\/a><\/span><\/h5>\n<p>[\/vc_column_text][vc_column_text]<\/p>\n<h6><img loading=\"lazy\" class=\"alignnone wp-image-2914 size-full\" src=\"https:\/\/teamstone.eu\/loja\/wp-content\/uploads\/2017\/06\/reciclavel.png\" alt=\"\" width=\"50\" height=\"47\" \/><strong>Article recyclable; \u00e0 la \u201cfin de la vie&#8221; peut \u00eatre plac\u00e9 \u00e0 un point de collecte<\/strong>.<\/h6>\n<p>[\/vc_column_text][\/vc_column][\/vc_row][vc_row el_id=&#8221;tamanhos&#8221;][vc_column][vc_empty_space height=&#8221;60px&#8221;][vc_tta_accordion style=&#8221;modern&#8221; active_section=&#8221;non-existing number&#8221; collapsible_all=&#8221;true&#8221;][vc_tta_section title=&#8221;DETAILS&#8221; tab_id=&#8221;1524225399024-c7e87548-dfdd&#8221;][vc_column_text]<\/p>\n<div class=\"intro\">\n<p style=\"text-align: left;\">100% coton peign\u00e9 + 500 gr\/m2<br \/>\nDrap de bain : 100x150cm<br \/>\nServiette visage : 50x100cm<br \/>\nServiette toilette : 30x50cm<\/p>\n<p style=\"text-align: left;\">PRECAUTIONS<br \/>\nLaver \u00e0 40\u00b0C<br \/>\nNe pas utiliser d\u2019eau de javel<br \/>\nS\u00e9chage en machine utilisant un programme normal<\/p>\n<p style=\"text-align: left;\">ACCESSOIRES<br \/>\nChaussons de plusieurs pointures et couleurs coordonn\u00e9es.<\/p>\n<p style=\"text-align: left;\">Produits susceptibles de petites variations de taille.<\/p>\n<\/div>\n<div class=\"guide\">\n<p style=\"text-align: left;\">\n<\/div>\n<p>[\/vc_column_text][\/vc_tta_section][\/vc_tta_accordion][\/vc_column][\/vc_row][vc_row][vc_column][\/vc_column][\/vc_row]<\/p>\n","protected":false},"excerpt":{"rendered":"<p><strong>Les serviettes de bain avec design en jacquard et double face, sont agr\u00e9ablement absorbantes et offrent confort et souplesse. En 100% coton vierge. Avec un grammage sup\u00e9rieur \u00e0 500 grammes qui accro\u00eet l&#8217;absorption de l&#8217;eau et le confort dans l&#8217;enveloppement.<br \/>\nMade in Portugal<\/strong><\/p>\n<h6><\/h6>\n","protected":false},"featured_media":7061,"comment_status":"open","ping_status":"closed","template":"","meta":[],"_links":{"self":[{"href":"https:\/\/teamstone.fr\/loja\/wp-json\/wp\/v2\/product\/7353"}],"collection":[{"href":"https:\/\/teamstone.fr\/loja\/wp-json\/wp\/v2\/product"}],"about":[{"href":"https:\/\/teamstone.fr\/loja\/wp-json\/wp\/v2\/types\/product"}],"replies":[{"embeddable":true,"href":"https:\/\/teamstone.fr\/loja\/wp-json\/wp\/v2\/comments?post=7353"}],"wp:featuredmedia":[{"embeddable":true,"href":"https:\/\/teamstone.fr\/loja\/wp-json\/wp\/v2\/media\/7061"}],"wp:attachment":[{"href":"https:\/\/teamstone.fr\/loja\/wp-json\/wp\/v2\/media?parent=7353"}],"curies":[{"name":"wp","href":"https:\/\/api.w.org\/{rel}","templated":true}]}}