{"id":7325,"date":"2019-05-08T11:30:09","date_gmt":"2019-05-08T11:30:09","guid":{"rendered":"https:\/\/teamstone.eu\/loja\/?post_type=product&#038;p=7325"},"modified":"2025-11-18T21:07:48","modified_gmt":"2025-11-18T21:07:48","slug":"serviettes-de-bain-spa-blanc-optique-bleu-atlantide-gris-argent-made-in-portugal-by-teamstone","status":"publish","type":"product","link":"https:\/\/teamstone.fr\/loja\/product\/serviettes-de-bain-spa-blanc-optique-bleu-atlantide-gris-argent-made-in-portugal-by-teamstone\/","title":{"rendered":"Serviettes de bain Spa, Blanc Optique \/ Bleu Atlantide \/ Gris Argent"},"content":{"rendered":"<p>[vc_row content_placement=&#8221;top&#8221;][vc_column][vc_column_text]<\/p>\n<p style=\"text-align: left;\">Son design se distingue par sa simplicit\u00e9 et son \u00e9l\u00e9gance. Ces serviettes d&#8217;excellente qualit\u00e9 en 100% coton peign\u00e9 avec grammage sup\u00e9rieur \u00e0 600 gr\/m2, offre une grande douceur et une absorption sup\u00e9rieure. Pr\u00e9sente une des faces en velours. D\u00e9coration de luxe alli\u00e9e au confort, \u00e0 la souplesse et \u00e0 l&#8217;enveloppement. D\u00e9couvrez toutes les couleurs et emplissez votre salle de bain de gaiet\u00e9 en combinant nos produits de mani\u00e8re facile et rapide. D\u00e9couvrez comment combiner nos produits de mani\u00e8re facile et rapide avec cette magnifique s\u00e9lection que nous vous pr\u00e9senterons ci-apr\u00e8s. Compl\u00e9tez votre look !<br \/>\nLes serviettes acqui\u00e8rent une meilleure capacit\u00e9 d&#8217;absorption apr\u00e8s un premier lavage.<br \/>\nFinition ourl\u00e9e \u00e0 double piq\u00fbre.<br \/>\nGarantie de contr\u00f4le de qualit\u00e9.<br \/>\nFabriqu\u00e9 au Portugal<br \/>\nMade in Portugal<\/p>\n<p>[\/vc_column_text][vc_column_text]<\/p>\n<h5 style=\"text-align: center;\"><span style=\"color: #ff6600;\">Si ce produit est \u00e9puis\u00e9, pri\u00e8re de nous contacter par email <a style=\"color: #ff6600;\" href=\"mailto:info@teamstone.eu\"><span style=\"color: #003366;\">info@teamstone.eu<\/span><\/a><\/span><\/h5>\n<p>[\/vc_column_text][vc_column_text]<\/p>\n<h6><img loading=\"lazy\" class=\"alignnone wp-image-2914 size-full\" src=\"https:\/\/teamstone.eu\/loja\/wp-content\/uploads\/2017\/06\/reciclavel.png\" alt=\"\" width=\"50\" height=\"47\" \/><strong>Article recyclable; \u00e0 la \u201cfin de la vie&#8221; peut \u00eatre plac\u00e9 \u00e0 un point de collecte<\/strong>.<\/h6>\n<p>[\/vc_column_text][\/vc_column][\/vc_row][vc_row el_id=&#8221;tamanhos&#8221;][vc_column][vc_empty_space height=&#8221;60px&#8221;][vc_tta_accordion style=&#8221;modern&#8221; active_section=&#8221;non-existing number&#8221; collapsible_all=&#8221;true&#8221;][vc_tta_section title=&#8221;DETAILS&#8221; tab_id=&#8221;1524225399024-c7e87548-dfdd&#8221;][vc_column_text]<\/p>\n<div class=\"intro\">\n<p style=\"text-align: left;\">100% coton peign\u00e9 + 600 gr\/m2<br \/>\nDrap de bain : 100x200cm<br \/>\nServiette visage : 50x100cm<br \/>\nServiette toilette : 30x50cm<\/p>\n<p style=\"text-align: left;\">PRECAUTIONS<br \/>\nLaver \u00e0 40\u00b0C<br \/>\nNe pas utiliser d\u2019eau de javel<br \/>\nS\u00e9chage en machine utilisant un programme normal<\/p>\n<p style=\"text-align: left;\">ACCESSOIRES<br \/>\nChaussons de plusieurs pointures et couleurs coordonn\u00e9es.<\/p>\n<p style=\"text-align: left;\">Produits susceptibles de petites variations de taille.<\/p>\n<\/div>\n<div class=\"guide\">\n<p>&nbsp;<\/p>\n<\/div>\n<p>[\/vc_column_text][\/vc_tta_section][\/vc_tta_accordion][\/vc_column][\/vc_row][vc_row][vc_column][\/vc_column][\/vc_row]<\/p>\n","protected":false},"excerpt":{"rendered":"<p><strong>Son design se distingue par sa simplicit\u00e9 et son \u00e9l\u00e9gance. La qualit\u00e9 de ces serviettes confectionn\u00e9es en coton peign\u00e9 avec grammage sup\u00e9rieur \u00e0 600 gr\/m2 offre une grande douceur et une absorption sup\u00e9rieure. Pr\u00e9sente une des faces en velours. D\u00e9coration de luxe alli\u00e9e au confort, \u00e0 la souplesse et \u00e0 l&#8217;enveloppement.<br \/>\nMade in Portugal<\/strong><\/p>\n<h6><\/h6>\n","protected":false},"featured_media":8269,"comment_status":"open","ping_status":"closed","template":"","meta":[],"_links":{"self":[{"href":"https:\/\/teamstone.fr\/loja\/wp-json\/wp\/v2\/product\/7325"}],"collection":[{"href":"https:\/\/teamstone.fr\/loja\/wp-json\/wp\/v2\/product"}],"about":[{"href":"https:\/\/teamstone.fr\/loja\/wp-json\/wp\/v2\/types\/product"}],"replies":[{"embeddable":true,"href":"https:\/\/teamstone.fr\/loja\/wp-json\/wp\/v2\/comments?post=7325"}],"wp:featuredmedia":[{"embeddable":true,"href":"https:\/\/teamstone.fr\/loja\/wp-json\/wp\/v2\/media\/8269"}],"wp:attachment":[{"href":"https:\/\/teamstone.fr\/loja\/wp-json\/wp\/v2\/media?parent=7325"}],"curies":[{"name":"wp","href":"https:\/\/api.w.org\/{rel}","templated":true}]}}