{"id":5793,"date":"2023-03-10T09:35:54","date_gmt":"2023-03-10T09:35:54","guid":{"rendered":"https:\/\/teamstone.eu\/loja\/?post_type=product&#038;p=5793"},"modified":"2025-07-17T18:05:38","modified_gmt":"2025-07-17T18:05:38","slug":"pyjacorsaire-imprime-digital-colibri-jaune-made-in-portugal","status":"publish","type":"product","link":"https:\/\/teamstone.fr\/loja\/product\/pyjacorsaire-imprime-digital-colibri-jaune-made-in-portugal\/","title":{"rendered":"Pyjacorsaire, imprim\u00e9 digital Colibri, Jaune"},"content":{"rendered":"<p>[vc_row content_placement=&#8221;top&#8221;][vc_column][vc_column_text]Aqui coloca a descri\u00e7\u00e3o COMPLETA do produto &#8230;.<\/p>\n<p>[\/vc_column_text][vc_column_text]<\/p>\n<h5 style=\"text-align: center;\"><span style=\"color: #ff6600;\">Si ce produit est \u00e9puis\u00e9, pri\u00e8re de nous  contacter  par email <a style=\"color: #ff6600;\" href=\"mailto:info@teamstone.eu\"><span style=\"color: #003366;\">info@teamstone.eu<\/span><\/a><\/span><\/h5>\n<p>[\/vc_column_text][vc_column_text]<\/p>\n<h6><img loading=\"lazy\" class=\"alignnone wp-image-2914 size-full\" src=\"https:\/\/teamstone.eu\/loja\/wp-content\/uploads\/2017\/06\/reciclavel.png\" alt=\"\" width=\"50\" height=\"47\" \/><strong>Article recyclable; \u00e0 la \u201cfin de la vie&#8221; peut \u00eatre plac\u00e9 \u00e0 un point de collecte<\/strong>.<\/h6>\n<p>[\/vc_column_text][\/vc_column][\/vc_row][vc_row el_id=&#8221;tamanhos&#8221;][vc_column][vc_empty_space height=&#8221;60px&#8221;][vc_tta_accordion style=&#8221;modern&#8221; active_section=&#8221;non-existing number&#8221; collapsible_all=&#8221;true&#8221;][vc_tta_section title=&#8221;Tableau des Tailles&#8221; tab_id=&#8221;1524225399024-c7e87548-dfdd&#8221;][vc_column_text]<\/p>\n<p style=\"text-align: center;\">Les mesures pr\u00e9sent\u00e9es sont purement indicatives. Prenez vous mesures avec pr\u00e9cision sur vous, et chosissez la taille la plus adapt\u00e9e en consultant le tableau ci-dessus. En cas de doute, choisissez toujours la plus grande taille.<\/p>\n<div class=\"intro\"><\/div>\n<div class=\"guide\">\n<p><a href=\"https:\/\/teamstone.eu\/loja\/wp-content\/uploads\/2018\/08\/tabela-medidas-classico-fr-1.png\"><img loading=\"lazy\" class=\"wp-image-3189 size-full aligncenter\" src=\"https:\/\/teamstone.eu\/loja\/wp-content\/uploads\/2018\/08\/tabela-medidas-classico-fr-1.png\" alt=\"\" width=\"749\" height=\"381\" srcset=\"https:\/\/teamstone.fr\/loja\/wp-content\/uploads\/2018\/08\/tabela-medidas-classico-fr-1.png 749w, https:\/\/teamstone.fr\/loja\/wp-content\/uploads\/2018\/08\/tabela-medidas-classico-fr-1-100x51.png 100w, https:\/\/teamstone.fr\/loja\/wp-content\/uploads\/2018\/08\/tabela-medidas-classico-fr-1-300x153.png 300w, https:\/\/teamstone.fr\/loja\/wp-content\/uploads\/2018\/08\/tabela-medidas-classico-fr-1-600x305.png 600w, https:\/\/teamstone.fr\/loja\/wp-content\/uploads\/2018\/08\/tabela-medidas-classico-fr-1-700x356.png 700w, https:\/\/teamstone.fr\/loja\/wp-content\/uploads\/2018\/08\/tabela-medidas-classico-fr-1-150x76.png 150w\" sizes=\"(max-width: 749px) 100vw, 749px\" \/><\/a><\/p>\n<\/div>\n<p>[\/vc_column_text][\/vc_tta_section][\/vc_tta_accordion][\/vc_column][\/vc_row][vc_row][vc_column][\/vc_column][\/vc_row]<\/p>\n","protected":false},"excerpt":{"rendered":"<p>Aqui coloca a descri\u00e7\u00e3o CURTA do produto<\/p>\n<h6><a href=\"#tamanhos\" rel=\"noopener\"><strong>Voir Tableau des Tailles<\/strong><\/a><\/h6>\n","protected":false},"featured_media":6087,"comment_status":"open","ping_status":"closed","template":"","meta":[],"_links":{"self":[{"href":"https:\/\/teamstone.fr\/loja\/wp-json\/wp\/v2\/product\/5793"}],"collection":[{"href":"https:\/\/teamstone.fr\/loja\/wp-json\/wp\/v2\/product"}],"about":[{"href":"https:\/\/teamstone.fr\/loja\/wp-json\/wp\/v2\/types\/product"}],"replies":[{"embeddable":true,"href":"https:\/\/teamstone.fr\/loja\/wp-json\/wp\/v2\/comments?post=5793"}],"wp:featuredmedia":[{"embeddable":true,"href":"https:\/\/teamstone.fr\/loja\/wp-json\/wp\/v2\/media\/6087"}],"wp:attachment":[{"href":"https:\/\/teamstone.fr\/loja\/wp-json\/wp\/v2\/media?parent=5793"}],"curies":[{"name":"wp","href":"https:\/\/api.w.org\/{rel}","templated":true}]}}