{"id":4966,"date":"2021-04-30T13:40:35","date_gmt":"2021-04-30T13:40:35","guid":{"rendered":"https:\/\/teamstone.eu\/loja\/?post_type=product&#038;p=4966"},"modified":"2021-05-20T18:51:52","modified_gmt":"2021-05-20T18:51:52","slug":"robe-de-chambre-portugal-made-in-portugal-2","status":"publish","type":"product","link":"https:\/\/teamstone.fr\/loja\/product\/robe-de-chambre-portugal-made-in-portugal-2\/","title":{"rendered":"Robe de Chambre"},"content":{"rendered":"<p>[vc_row content_placement=&#8221;top&#8221;][vc_column][vc_column_text]<\/p>\n<p style=\"text-align: left;\">Vous pouvez porter cette robe de nuit sur une nuisette et elle vous tiendra chaud lorsque les temp\u00e9ratures seront fra\u00eeches.<br \/>\nCette robe de chambre a des manches coude, des d\u00e9tails satin\u00e9s et une bande appliqu\u00e9e en satin impeccablement crois\u00e9e et ceinture aussi satin\u00e9e.<br \/>\nBase finition double piq\u00fbre.<\/p>\n<p style=\"text-align: left;\">Longueur: Env. 95 cm<br \/>\nComposition &amp; Soin:<br \/>\n-Robe de chambre en maille rib modal -47% Coton, 47% Modal, 6% Elasthane \/Satin 100% Polyester<br \/>\n-Lavable \u00e0 la main \u00e0 l\u2019eau froid<br \/>\n-Laver les couleurs s\u00e9par\u00e9ment<br \/>\n-Laver et repasser du c\u00f4t\u00e9 envers du produit<br \/>\n-Repasser \u00e0 basse temp\u00e9rature.<\/p>\n<p>[\/vc_column_text][vc_column_text]<\/p>\n<h5 style=\"text-align: center;\"><span style=\"color: #ff6600;\">Si ce produit est \u00e9puis\u00e9, pri\u00e8re de nous contacter par email <a style=\"color: #ff6600;\" href=\"mailto:info@teamstone.eu\"><span style=\"color: #003366;\">info@teamstone.eu<\/span><\/a><\/span><\/h5>\n<p>[\/vc_column_text][vc_column_text]<\/p>\n<h6><img loading=\"lazy\" class=\"alignnone wp-image-2914 size-full\" src=\"https:\/\/teamstone.eu\/loja\/wp-content\/uploads\/2017\/06\/reciclavel.png\" alt=\"\" width=\"50\" height=\"47\" \/><strong>Article recyclable; \u00e0 la \u201cfin de la vie&#8221; peut \u00eatre plac\u00e9 \u00e0 un point de collecte<\/strong>.<\/h6>\n<p>[\/vc_column_text][\/vc_column][\/vc_row][vc_row el_id=&#8221;tamanhos&#8221;][vc_column][vc_empty_space height=&#8221;60px&#8221;][vc_tta_accordion style=&#8221;modern&#8221; active_section=&#8221;non-existing number&#8221; collapsible_all=&#8221;true&#8221;][vc_tta_section title=&#8221;Tableau des Tailles&#8221; tab_id=&#8221;1524225399024-c7e87548-dfdd&#8221;][vc_column_text]<\/p>\n<p style=\"text-align: center;\">Mesures de cet article<\/p>\n<p style=\"text-align: center;\">Toutes les mesures sont en centim\u00e8tres, avec une marge de 2\/3 centim\u00e8tres.<\/p>\n<p><img loading=\"lazy\" class=\"size-medium wp-image-5027 aligncenter\" src=\"https:\/\/teamstone.eu\/loja\/wp-content\/uploads\/2019\/05\/Robe-Fran\u00e7\u00eas-300x72.png\" alt=\"\" width=\"300\" height=\"72\" srcset=\"https:\/\/teamstone.fr\/loja\/wp-content\/uploads\/2019\/05\/Robe-Fran\u00e7\u00eas-300x72.png 300w, https:\/\/teamstone.fr\/loja\/wp-content\/uploads\/2019\/05\/Robe-Fran\u00e7\u00eas-100x24.png 100w, https:\/\/teamstone.fr\/loja\/wp-content\/uploads\/2019\/05\/Robe-Fran\u00e7\u00eas-768x185.png 768w, https:\/\/teamstone.fr\/loja\/wp-content\/uploads\/2019\/05\/Robe-Fran\u00e7\u00eas-1024x247.png 1024w, https:\/\/teamstone.fr\/loja\/wp-content\/uploads\/2019\/05\/Robe-Fran\u00e7\u00eas-600x145.png 600w, https:\/\/teamstone.fr\/loja\/wp-content\/uploads\/2019\/05\/Robe-Fran\u00e7\u00eas-700x169.png 700w, https:\/\/teamstone.fr\/loja\/wp-content\/uploads\/2019\/05\/Robe-Fran\u00e7\u00eas.png 1280w\" sizes=\"(max-width: 300px) 100vw, 300px\" \/><\/p>\n<div class=\"intro\" style=\"text-align: center;\"><\/div>\n<div class=\"guide\">\n<p>&nbsp;<\/p>\n<\/div>\n<p>[\/vc_column_text][\/vc_tta_section][\/vc_tta_accordion][\/vc_column][\/vc_row][vc_row][vc_column][\/vc_column][\/vc_row]<\/p>\n","protected":false},"excerpt":{"rendered":"<p>Robe de chambre \u00e9l\u00e9gant avec des d\u00e9tails satin\u00e9s.<br \/>\nMade in Portugal.<\/p>\n<h6><a href=\"#tamanhos\" rel=\"noopener\"><strong>Voir Tableau des Tailles<\/strong><\/a><\/h6>\n","protected":false},"featured_media":4959,"comment_status":"open","ping_status":"closed","template":"","meta":[],"_links":{"self":[{"href":"https:\/\/teamstone.fr\/loja\/wp-json\/wp\/v2\/product\/4966"}],"collection":[{"href":"https:\/\/teamstone.fr\/loja\/wp-json\/wp\/v2\/product"}],"about":[{"href":"https:\/\/teamstone.fr\/loja\/wp-json\/wp\/v2\/types\/product"}],"replies":[{"embeddable":true,"href":"https:\/\/teamstone.fr\/loja\/wp-json\/wp\/v2\/comments?post=4966"}],"wp:featuredmedia":[{"embeddable":true,"href":"https:\/\/teamstone.fr\/loja\/wp-json\/wp\/v2\/media\/4959"}],"wp:attachment":[{"href":"https:\/\/teamstone.fr\/loja\/wp-json\/wp\/v2\/media?parent=4966"}],"curies":[{"name":"wp","href":"https:\/\/api.w.org\/{rel}","templated":true}]}}