{"id":4271,"date":"2019-05-20T15:12:46","date_gmt":"2019-05-20T15:12:46","guid":{"rendered":"https:\/\/teamstone.eu\/loja\/?post_type=product&#038;p=4271"},"modified":"2025-06-18T10:05:06","modified_gmt":"2025-06-18T10:05:06","slug":"pyjama-femme-portugal-made-in-portugal-2-2","status":"publish","type":"product","link":"https:\/\/teamstone.fr\/loja\/product\/pyjama-femme-portugal-made-in-portugal-2-2\/","title":{"rendered":"Pyjama"},"content":{"rendered":"<p>[vc_row content_placement=&#8221;top&#8221;][vc_column][vc_column_text]<\/p>\n<p style=\"text-align: left;\">Pyjama 2 pi\u00e8ces pour femme, actuel et f\u00e9minin. En satin avec un toucher soie. Coupe\u00a0 fluide et large pour plus de confort . Veste\/chemise avec biais contrastant, manches longues avec poignet.\u00a0 Pantalon taille \u00e9lastiqu\u00e9e.<\/p>\n<p style=\"text-align: left;\">Composition &amp; Soin:<br \/>\n&#8211; Pyjama en satin 100% Polyester<br \/>\n&#8211; Laver \u00e0\u00a0la machine a l&#8217;eau froide<br \/>\n&#8211;\u00a0Laver les couleurs s\u00e9par\u00e9ment<br \/>\n&#8211;\u00a0Laver et repasser du c\u00f4t\u00e9 envers le produit<br \/>\n&#8211; Repasser \u00e0 basse temp\u00e9rature.<\/p>\n<p>[\/vc_column_text][vc_column_text]<\/p>\n<h5 style=\"text-align: center;\"><span style=\"color: #ff6600;\">Si ce produit est epuis\u00e9, pri\u00e8re de nous contacter par email <a style=\"color: #ff6600;\" href=\"mailto:info@teamstone.eu\"><span style=\"color: #003366;\">info@teamstone.eu<\/span><\/a><\/span><\/h5>\n<p>[\/vc_column_text][vc_column_text]<\/p>\n<h6><img loading=\"lazy\" class=\"alignnone wp-image-2914 size-full\" src=\"https:\/\/teamstone.eu\/loja\/wp-content\/uploads\/2017\/06\/reciclavel.png\" alt=\"\" width=\"50\" height=\"47\" \/><strong>Article recyclable; \u00e0 la \u201cfin de sa vie&#8221; peut \u00eatre d\u00e9pos\u00e9 dans \u00e0 un point de collecte<\/strong>.<\/h6>\n<p>[\/vc_column_text][\/vc_column][\/vc_row][vc_row el_id=&#8221;tamanhos&#8221;][vc_column][vc_empty_space height=&#8221;60px&#8221;][vc_tta_accordion style=&#8221;modern&#8221; active_section=&#8221;non-existing number&#8221; collapsible_all=&#8221;true&#8221;][vc_tta_section title=&#8221;Tableau des Tailles&#8221; tab_id=&#8221;1524225399024-c7e87548-dfdd&#8221;][vc_column_text]<\/p>\n<p style=\"text-align: center;\">Mesures de cet article<\/p>\n<p style=\"text-align: center;\">Toutes les mesures sont en centim\u00e8tres, avec une marge de 2\/3 centim\u00e8tres<\/p>\n<div class=\"intro\"><img loading=\"lazy\" class=\"size-medium wp-image-4272 aligncenter\" src=\"https:\/\/teamstone.eu\/loja\/wp-content\/uploads\/2018\/11\/Pijama-de-cetim-Franc\u00eas-300x81.jpg\" alt=\"\" width=\"300\" height=\"81\" srcset=\"https:\/\/teamstone.fr\/loja\/wp-content\/uploads\/2018\/11\/Pijama-de-cetim-Franc\u00eas-300x81.jpg 300w, https:\/\/teamstone.fr\/loja\/wp-content\/uploads\/2018\/11\/Pijama-de-cetim-Franc\u00eas-100x27.jpg 100w, https:\/\/teamstone.fr\/loja\/wp-content\/uploads\/2018\/11\/Pijama-de-cetim-Franc\u00eas-768x206.jpg 768w, https:\/\/teamstone.fr\/loja\/wp-content\/uploads\/2018\/11\/Pijama-de-cetim-Franc\u00eas-1024x275.jpg 1024w, https:\/\/teamstone.fr\/loja\/wp-content\/uploads\/2018\/11\/Pijama-de-cetim-Franc\u00eas-600x161.jpg 600w, https:\/\/teamstone.fr\/loja\/wp-content\/uploads\/2018\/11\/Pijama-de-cetim-Franc\u00eas-700x188.jpg 700w, https:\/\/teamstone.fr\/loja\/wp-content\/uploads\/2018\/11\/Pijama-de-cetim-Franc\u00eas.jpg 1280w\" sizes=\"(max-width: 300px) 100vw, 300px\" \/><\/div>\n<div class=\"guide\">\n<p>&nbsp;<\/p>\n<\/div>\n<p>[\/vc_column_text][\/vc_tta_section][\/vc_tta_accordion][\/vc_column][\/vc_row][vc_row][vc_column][\/vc_column][\/vc_row]<\/p>\n","protected":false},"excerpt":{"rendered":"<p>En satin avec un toucher soie<\/p>\n<p>MADE IN PORTUGAL<\/p>\n<h6><a href=\"#tamanhos\" rel=\"noopener\"><strong>Voir Tableau des Tailles<\/strong><\/a><\/h6>\n","protected":false},"featured_media":4799,"comment_status":"open","ping_status":"closed","template":"","meta":[],"_links":{"self":[{"href":"https:\/\/teamstone.fr\/loja\/wp-json\/wp\/v2\/product\/4271"}],"collection":[{"href":"https:\/\/teamstone.fr\/loja\/wp-json\/wp\/v2\/product"}],"about":[{"href":"https:\/\/teamstone.fr\/loja\/wp-json\/wp\/v2\/types\/product"}],"replies":[{"embeddable":true,"href":"https:\/\/teamstone.fr\/loja\/wp-json\/wp\/v2\/comments?post=4271"}],"wp:featuredmedia":[{"embeddable":true,"href":"https:\/\/teamstone.fr\/loja\/wp-json\/wp\/v2\/media\/4799"}],"wp:attachment":[{"href":"https:\/\/teamstone.fr\/loja\/wp-json\/wp\/v2\/media?parent=4271"}],"curies":[{"name":"wp","href":"https:\/\/api.w.org\/{rel}","templated":true}]}}