{"id":3622,"date":"2023-01-26T14:55:16","date_gmt":"2023-01-26T14:55:16","guid":{"rendered":"https:\/\/teamstone.eu\/loja\/?post_type=product&#038;p=3622"},"modified":"2026-04-14T19:47:14","modified_gmt":"2026-04-14T19:47:14","slug":"chemise-de-nuit-coton-peigne-eco-responsable-grande-tailles-made-in-portugal-by-teamstone","status":"publish","type":"product","link":"https:\/\/teamstone.fr\/loja\/product\/chemise-de-nuit-coton-peigne-eco-responsable-grande-tailles-made-in-portugal-by-teamstone\/","title":{"rendered":"CHEMISE DE NUIT 100% PUR COTTON PEIGN\u00c9 ECO-RESPONSABLE, GRANDE TAILLES"},"content":{"rendered":"<p>[vc_row content_placement=&#8221;top&#8221;][vc_column][vc_column_text]<\/p>\n<p style=\"text-align: left;\">Chemise de nuit femme \u00e0 manches longues. La d\u00e9licatesse du pur coton peign\u00e9 eco-responsable, pour des nuits d&#8217;une extr\u00eame douceur. Liquette avec encolure ronde, empi\u00e8cement raffin\u00e9 dot\u00e9 de\u00a0 broderies, dentelles et noeud en satin. Les fronces augmentent le confort de cette nuisette.<\/p>\n<p style=\"text-align: left;\">Chemise de nuit \u00a0disponible en grandes tailles.<br \/>\nLongueur: env. 110 cm<\/p>\n<p style=\"text-align: left;\">Composition &amp; Soin :<br \/>\n&#8211; Chemise de nuit en maille jersey 100% coton peign\u00e9 eco-responsable<br \/>\n&#8211; Lavage \u00e0 la main<br \/>\n&#8211; Laver et repasser du c\u00f4t\u00e9 envers du produit<br \/>\n&#8211; Ne pas s\u00e9cher au s\u00e8che-linge<br \/>\n&#8211; Repasser \u00e0 basse temp\u00e9rature. p&gt;<\/p>\n<p>[\/vc_column_text][vc_column_text]<\/p>\n<h5 style=\"text-align: center;\"><span style=\"color: #ff6600;\">Si ce produit est \u00e9puis\u00e9, pri\u00e8re de nous contacter par email <a style=\"color: #ff6600;\" href=\"mailto:info@teamstone.eu\"><span style=\"color: #003366;\">info@teamstone.eu<\/span><\/a><\/span><\/h5>\n<p>[\/vc_column_text][vc_column_text]<\/p>\n<h6><img loading=\"lazy\" class=\"alignnone wp-image-2914 size-full\" src=\"https:\/\/teamstone.eu\/loja\/wp-content\/uploads\/2017\/06\/reciclavel.png\" alt=\"\" width=\"50\" height=\"47\" \/><strong>Article recyclable; \u00e0 la \u201cfin de sa vie&#8221; peut \u00eatre d\u00e9pos\u00e9 dans un point de collecte<\/strong>.<\/h6>\n<p>[\/vc_column_text][\/vc_column][\/vc_row][vc_row el_id=&#8221;tamanhos&#8221;][vc_column][vc_empty_space height=&#8221;60px&#8221;][vc_tta_accordion style=&#8221;modern&#8221; active_section=&#8221;non-existing number&#8221; collapsible_all=&#8221;true&#8221;][vc_tta_section title=&#8221;Tableau des Tailles&#8221; tab_id=&#8221;1524225399024-c7e87548-dfdd&#8221;][vc_column_text]<\/p>\n<div class=\"intro\">\n<p><img loading=\"lazy\" class=\"size-full wp-image-8134\" src=\"https:\/\/teamstone.eu\/loja\/wp-content\/uploads\/2019\/05\/tabelas-de-medidas-tamanhos-grandes-34-36-ao-62-64-FRANCES.png\" alt=\"Tabela de medidas tamanhos grandes - Fran\u00e7\u00eas\" width=\"800\" height=\"597\" srcset=\"https:\/\/teamstone.fr\/loja\/wp-content\/uploads\/2019\/05\/tabelas-de-medidas-tamanhos-grandes-34-36-ao-62-64-FRANCES.png 800w, https:\/\/teamstone.fr\/loja\/wp-content\/uploads\/2019\/05\/tabelas-de-medidas-tamanhos-grandes-34-36-ao-62-64-FRANCES-300x224.png 300w, https:\/\/teamstone.fr\/loja\/wp-content\/uploads\/2019\/05\/tabelas-de-medidas-tamanhos-grandes-34-36-ao-62-64-FRANCES-100x75.png 100w, https:\/\/teamstone.fr\/loja\/wp-content\/uploads\/2019\/05\/tabelas-de-medidas-tamanhos-grandes-34-36-ao-62-64-FRANCES-768x573.png 768w, https:\/\/teamstone.fr\/loja\/wp-content\/uploads\/2019\/05\/tabelas-de-medidas-tamanhos-grandes-34-36-ao-62-64-FRANCES-600x448.png 600w, https:\/\/teamstone.fr\/loja\/wp-content\/uploads\/2019\/05\/tabelas-de-medidas-tamanhos-grandes-34-36-ao-62-64-FRANCES-700x522.png 700w\" sizes=\"(max-width: 800px) 100vw, 800px\" \/><\/p>\n<\/div>\n<div class=\"guide\">\n<p>&nbsp;<\/p>\n<\/div>\n<p>[\/vc_column_text][\/vc_tta_section][\/vc_tta_accordion][\/vc_column][\/vc_row][vc_row][vc_column][\/vc_column][\/vc_row]<\/p>\n","protected":false},"excerpt":{"rendered":"<p><strong>Chemise de nuit classique en jersey 100% pure coton peign\u00e9 Eco-responsable.<\/strong><br \/>\n<strong>Made in Portugal.<\/strong><\/p>\n<h6><a href=\"#tamanhos\" rel=\"noopener\"><strong>Voir Tableau des Tailles<\/strong><\/a><\/h6>\n","protected":false},"featured_media":11875,"comment_status":"open","ping_status":"closed","template":"","meta":[],"_links":{"self":[{"href":"https:\/\/teamstone.fr\/loja\/wp-json\/wp\/v2\/product\/3622"}],"collection":[{"href":"https:\/\/teamstone.fr\/loja\/wp-json\/wp\/v2\/product"}],"about":[{"href":"https:\/\/teamstone.fr\/loja\/wp-json\/wp\/v2\/types\/product"}],"replies":[{"embeddable":true,"href":"https:\/\/teamstone.fr\/loja\/wp-json\/wp\/v2\/comments?post=3622"}],"wp:featuredmedia":[{"embeddable":true,"href":"https:\/\/teamstone.fr\/loja\/wp-json\/wp\/v2\/media\/11875"}],"wp:attachment":[{"href":"https:\/\/teamstone.fr\/loja\/wp-json\/wp\/v2\/media?parent=3622"}],"curies":[{"name":"wp","href":"https:\/\/api.w.org\/{rel}","templated":true}]}}