{"id":3602,"date":"2023-01-26T14:10:49","date_gmt":"2023-01-26T14:10:49","guid":{"rendered":"https:\/\/teamstone.eu\/loja\/?post_type=product&#038;p=3602"},"modified":"2024-02-09T19:33:07","modified_gmt":"2024-02-09T19:33:07","slug":"chemise-de-nuit-portugal-made-in-portugal-by-teamstone","status":"publish","type":"product","link":"https:\/\/teamstone.fr\/loja\/product\/chemise-de-nuit-portugal-made-in-portugal-by-teamstone\/","title":{"rendered":"Chemise de nuit, Rose"},"content":{"rendered":"<p>[vc_row content_placement=&#8221;top&#8221;][vc_column][vc_column_text]<\/p>\n<p style=\"text-align: left;\">Le maxi T-shirt ou merveilleuse nuisette. Voil\u00e1, le glamour est assur\u00e9! Liquette de nuit manches longues, mis en valeur avec des jolis motifs tr\u00e8s color\u00e9s.<br \/>\nLongueur: Env. 95 cm<br \/>\nComposition &amp; Soin:<br \/>\n&#8211; Chemise de nuit en maille rib c\u00f4tel\u00e9e &#8211; 50% coton peign\u00e9 \/ 50% polyester<br \/>\n&#8211; Lavable en machine \u00e0 30\u00b0 avec des couleurs similaires<br \/>\n&#8211; Laver et repasser du c\u00f4t\u00e9 envers du produit<br \/>\n&#8211; Ne pas s\u00e9cher au s\u00e8che-linge<br \/>\n&#8211; Repasser \u00e0 basse temp\u00e9rature.<\/p>\n<p>[\/vc_column_text][vc_column_text]<\/p>\n<h5 style=\"text-align: center;\"><span style=\"color: #ff6600;\">Si ce produit est \u00e9puis\u00e9, pri\u00e8re de nous contacter par email <a style=\"color: #ff6600;\" href=\"mailto:info@teamstone.eu\"><span style=\"color: #003366;\">info@teamstone.eu<\/span><\/a><\/span><\/h5>\n<p>[\/vc_column_text][vc_column_text]<\/p>\n<h6><img loading=\"lazy\" class=\"alignnone wp-image-2914 size-full\" src=\"https:\/\/teamstone.eu\/loja\/wp-content\/uploads\/2017\/06\/reciclavel.png\" alt=\"\" width=\"50\" height=\"47\" \/><strong>Article recyclable; \u00e0 la \u201cfin de sa vie&#8221; peut \u00eatre d\u00e9pos\u00e9 dans un point de collecte<\/strong>.<\/h6>\n<p>[\/vc_column_text][\/vc_column][\/vc_row][vc_row el_id=&#8221;tamanhos&#8221;][vc_column][vc_empty_space height=&#8221;60px&#8221;][vc_tta_accordion style=&#8221;modern&#8221; active_section=&#8221;non-existing number&#8221; collapsible_all=&#8221;true&#8221;][vc_tta_section title=&#8221;Tableau des Tailles&#8221; tab_id=&#8221;1524225399024-c7e87548-dfdd&#8221;][vc_column_text]<\/p>\n<div class=\"intro\">\n<p style=\"text-align: center;\">Mesures de cet article<\/p>\n<p style=\"text-align: center;\">Toutes les mesures sont en centim\u00e8tres, avec une marge de 2\/3 centim\u00e8tres.<a href=\"https:\/\/teamstone.eu\/loja\/wp-content\/uploads\/2018\/09\/50533-Franc\u00eas.jpg\"><img loading=\"lazy\" class=\"size-medium wp-image-3802 aligncenter\" src=\"https:\/\/teamstone.eu\/loja\/wp-content\/uploads\/2018\/09\/50533-Franc\u00eas-300x70.jpg\" alt=\"\" width=\"300\" height=\"70\" srcset=\"https:\/\/teamstone.fr\/loja\/wp-content\/uploads\/2018\/09\/50533-Franc\u00eas-300x70.jpg 300w, https:\/\/teamstone.fr\/loja\/wp-content\/uploads\/2018\/09\/50533-Franc\u00eas-600x140.jpg 600w, https:\/\/teamstone.fr\/loja\/wp-content\/uploads\/2018\/09\/50533-Franc\u00eas-700x163.jpg 700w, https:\/\/teamstone.fr\/loja\/wp-content\/uploads\/2018\/09\/50533-Franc\u00eas-100x23.jpg 100w, https:\/\/teamstone.fr\/loja\/wp-content\/uploads\/2018\/09\/50533-Franc\u00eas-768x179.jpg 768w, https:\/\/teamstone.fr\/loja\/wp-content\/uploads\/2018\/09\/50533-Franc\u00eas-1024x239.jpg 1024w, https:\/\/teamstone.fr\/loja\/wp-content\/uploads\/2018\/09\/50533-Franc\u00eas-400x93.jpg 400w, https:\/\/teamstone.fr\/loja\/wp-content\/uploads\/2018\/09\/50533-Franc\u00eas-500x116.jpg 500w, https:\/\/teamstone.fr\/loja\/wp-content\/uploads\/2018\/09\/50533-Franc\u00eas-150x35.jpg 150w, https:\/\/teamstone.fr\/loja\/wp-content\/uploads\/2018\/09\/50533-Franc\u00eas.jpg 1279w\" sizes=\"(max-width: 300px) 100vw, 300px\" \/><\/a><\/p>\n<\/div>\n<div class=\"guide\">\n<p>&nbsp;<\/p>\n<\/div>\n<p>[\/vc_column_text][\/vc_tta_section][\/vc_tta_accordion][\/vc_column][\/vc_row][vc_row][vc_column][\/vc_column][\/vc_row]<\/p>\n","protected":false},"excerpt":{"rendered":"<p>Chemise type T-Shirt pratique et rajeunissante.<br \/>\nMade in Portugal.<\/p>\n<h6><a href=\"#tamanhos\" rel=\"noopener\"><strong>Voir Tableau des Tailles<\/strong><\/a><\/h6>\n","protected":false},"featured_media":3983,"comment_status":"open","ping_status":"closed","template":"","meta":[],"_links":{"self":[{"href":"https:\/\/teamstone.fr\/loja\/wp-json\/wp\/v2\/product\/3602"}],"collection":[{"href":"https:\/\/teamstone.fr\/loja\/wp-json\/wp\/v2\/product"}],"about":[{"href":"https:\/\/teamstone.fr\/loja\/wp-json\/wp\/v2\/types\/product"}],"replies":[{"embeddable":true,"href":"https:\/\/teamstone.fr\/loja\/wp-json\/wp\/v2\/comments?post=3602"}],"wp:featuredmedia":[{"embeddable":true,"href":"https:\/\/teamstone.fr\/loja\/wp-json\/wp\/v2\/media\/3983"}],"wp:attachment":[{"href":"https:\/\/teamstone.fr\/loja\/wp-json\/wp\/v2\/media?parent=3602"}],"curies":[{"name":"wp","href":"https:\/\/api.w.org\/{rel}","templated":true}]}}