{"id":3595,"date":"2023-03-10T10:15:16","date_gmt":"2023-03-10T10:15:16","guid":{"rendered":"https:\/\/teamstone.eu\/loja\/?post_type=product&#038;p=3595"},"modified":"2023-06-26T14:44:00","modified_gmt":"2023-06-26T14:44:00","slug":"pyjama-made-in-portugal-by-teamstone","status":"publish","type":"product","link":"https:\/\/teamstone.fr\/loja\/product\/pyjama-made-in-portugal-by-teamstone\/","title":{"rendered":"Pyjama"},"content":{"rendered":"<p>[vc_row content_placement=&#8221;top&#8221;][vc_column][vc_column_text]<\/p>\n<p style=\"text-align: left;\">Quel bonheur, apr\u00e8s une journ\u00e9e de travail, de prendre une douche ou un bain et de se glisser dans son pyjama!<br \/>\nCe charmant ensemble pyjama short femme\u00a0 c&#8217;est parfait \u00e1 porter, un v\u00eatement d&#8217;int\u00e9rieur id\u00e9al.<br \/>\nComprend un pull style T-Shirt avec poche en satin. Le short a un \u00e9lastique large et couvert que s&#8217;adapte \u00e0 la taille avec un lacet. Tr\u00e8s confortable, en maille Modal c\u00f4tel\u00e9e.<br \/>\nBase finie double piqure.<\/p>\n<p style=\"text-align: left;\">Composition &amp; Soin:<br \/>\n&#8211; Pyjamas femme en maille rib modal c\u00f4tel\u00e9- 47%Coton, 47% Modal, 6% Elasthane<br \/>\n&#8211; Laver en machine\u00a0 \u00e0 l&#8217;eau froide<br \/>\n&#8211;\u00a0Laver les couleurs s\u00e9par\u00e9ment<br \/>\n&#8211;\u00a0Laver et repasser du c\u00f4t\u00e9 envers du produit<br \/>\n&#8211; Repasser \u00e0 basse temp\u00e9rature.<\/p>\n<p>[\/vc_column_text][vc_column_text][\/vc_column_text][vc_column_text]<\/p>\n<h5 style=\"text-align: center;\"><span style=\"color: #ff6600;\">Si ce produit est \u00e9puis\u00e9, pri\u00e8re de nous contacter par email <a style=\"color: #ff6600;\" href=\"mailto:info@teamstone.eu\"><span style=\"color: #003366;\">info@teamstone.eu<\/span><\/a><\/span><\/h5>\n<p>[\/vc_column_text][vc_column_text]<\/p>\n<h6><img loading=\"lazy\" class=\"alignnone wp-image-2914 size-full\" src=\"https:\/\/teamstone.eu\/loja\/wp-content\/uploads\/2017\/06\/reciclavel.png\" alt=\"\" width=\"50\" height=\"47\" \/><strong>Article recyclable; \u00e0 la \u201cfin de sa vie&#8221; peut \u00eatre d\u00e9pos\u00e9 dans un point de collecte<\/strong>.<\/h6>\n<p>[\/vc_column_text][\/vc_column][\/vc_row][vc_row el_id=&#8221;tamanhos&#8221;][vc_column][vc_empty_space height=&#8221;60px&#8221;][vc_tta_accordion style=&#8221;modern&#8221; active_section=&#8221;non-existing number&#8221; collapsible_all=&#8221;true&#8221;][vc_tta_section title=&#8221;Tableau des Tailles&#8221; tab_id=&#8221;1524225399024-c7e87548-dfdd&#8221;][vc_column_text]<\/p>\n<p style=\"text-align: center;\">Mesures de cet article<\/p>\n<p style=\"text-align: center;\">Toutes les mesures sont en centim\u00e8tres, avec une marge de 2\/3 centim\u00e8tres.<a href=\"https:\/\/teamstone.eu\/loja\/wp-content\/uploads\/2018\/09\/50778-Franc\u00eas.jpg\"><img loading=\"lazy\" class=\"size-medium wp-image-3782 aligncenter\" src=\"https:\/\/teamstone.eu\/loja\/wp-content\/uploads\/2018\/09\/50778-Franc\u00eas-300x86.jpg\" alt=\"\" width=\"300\" height=\"86\" srcset=\"https:\/\/teamstone.fr\/loja\/wp-content\/uploads\/2018\/09\/50778-Franc\u00eas-300x86.jpg 300w, https:\/\/teamstone.fr\/loja\/wp-content\/uploads\/2018\/09\/50778-Franc\u00eas-600x172.jpg 600w, https:\/\/teamstone.fr\/loja\/wp-content\/uploads\/2018\/09\/50778-Franc\u00eas-700x201.jpg 700w, https:\/\/teamstone.fr\/loja\/wp-content\/uploads\/2018\/09\/50778-Franc\u00eas-100x29.jpg 100w, https:\/\/teamstone.fr\/loja\/wp-content\/uploads\/2018\/09\/50778-Franc\u00eas-768x220.jpg 768w, https:\/\/teamstone.fr\/loja\/wp-content\/uploads\/2018\/09\/50778-Franc\u00eas-1024x293.jpg 1024w, https:\/\/teamstone.fr\/loja\/wp-content\/uploads\/2018\/09\/50778-Franc\u00eas-150x43.jpg 150w, https:\/\/teamstone.fr\/loja\/wp-content\/uploads\/2018\/09\/50778-Franc\u00eas.jpg 1284w\" sizes=\"(max-width: 300px) 100vw, 300px\" \/><\/a><\/p>\n<div class=\"guide\">\n<p>&nbsp;<\/p>\n<\/div>\n<p>[\/vc_column_text][\/vc_tta_section][\/vc_tta_accordion][\/vc_column][\/vc_row][vc_row][vc_column][\/vc_column][\/vc_row]<\/p>\n","protected":false},"excerpt":{"rendered":"<p>Pyjama l\u00e9ger et jeune en maille Rib Modal<br \/>\nMade in Portugal.<\/p>\n<h6><a href=\"#tamanhos\" rel=\"noopener\"><strong>Voir Tableau des Tailles<\/strong><\/a><\/h6>\n","protected":false},"featured_media":4835,"comment_status":"open","ping_status":"closed","template":"","meta":[],"_links":{"self":[{"href":"https:\/\/teamstone.fr\/loja\/wp-json\/wp\/v2\/product\/3595"}],"collection":[{"href":"https:\/\/teamstone.fr\/loja\/wp-json\/wp\/v2\/product"}],"about":[{"href":"https:\/\/teamstone.fr\/loja\/wp-json\/wp\/v2\/types\/product"}],"replies":[{"embeddable":true,"href":"https:\/\/teamstone.fr\/loja\/wp-json\/wp\/v2\/comments?post=3595"}],"wp:featuredmedia":[{"embeddable":true,"href":"https:\/\/teamstone.fr\/loja\/wp-json\/wp\/v2\/media\/4835"}],"wp:attachment":[{"href":"https:\/\/teamstone.fr\/loja\/wp-json\/wp\/v2\/media?parent=3595"}],"curies":[{"name":"wp","href":"https:\/\/api.w.org\/{rel}","templated":true}]}}