{"id":12661,"date":"2021-07-01T18:23:09","date_gmt":"2021-07-01T18:23:09","guid":{"rendered":"https:\/\/teamstone.eu\/loja\/?post_type=product&#038;p=12661"},"modified":"2021-07-01T18:53:53","modified_gmt":"2021-07-01T18:53:53","slug":"hoddie-unisexe-nature","status":"publish","type":"product","link":"https:\/\/teamstone.fr\/loja\/product\/hoddie-unisexe-nature\/","title":{"rendered":"Hoddie unisexe, Nature"},"content":{"rendered":"<p>[vc_row content_placement=&#8221;top&#8221;][vc_column][vc_column_text]<\/p>\n<p style=\"text-align: left;\">Tout le confort, la mobilit\u00e9 et l\u2019\u00e9l\u00e9gance en une seule pi\u00e8ce multi usages. Convient parfaitement \u00e0 la pratique du sport et des loisirs<\/p>\n<p style=\"text-align: left;\">Confectionn\u00e9 en coton et polyester recycl\u00e9. 100% \u00e9co-responsable<\/p>\n<p style=\"text-align: left;\">Capuche doubl\u00e9e avec lien de serrage, poches lat\u00e9rales discr\u00e8tes, poignets et base en \u00e9lasthanne, broderie FeelGreen<\/p>\n<p style=\"text-align: left;\">Le mannequin femme\u00a0 mesure 170 cm, et porte une taille S\/M.<\/p>\n<p style=\"text-align: left;\">Le mannequin homme mesure 180 cm, et porte une taille L.<\/p>\n<p style=\"text-align: left;\">Contr\u00f4le de confection et qualit\u00e9.<\/p>\n<p style=\"text-align: left;\">Fabriqu\u00e9 au Portugal.<\/p>\n<p style=\"text-align: left;\">Made in Portugal<\/p>\n<p style=\"text-align: left;\">Composition &amp; Soin:<br \/>\n\u2013 50% cotton recycl\u00e9 \/ 47% polyester recycl\u00e9 \/ 3% autres fibres<br \/>\n\u2013 Lavable en machine \u00e0 30\u00b0 avec des couleurs similaires<br \/>\n\u2013 Laver et repasser du c\u00f4t\u00e9 envers du produit<\/p>\n<p>[\/vc_column_text][vc_column_text]<\/p>\n<h5 style=\"text-align: center;\"><span style=\"color: #ff6600;\">Si ce produit est \u00e9puis\u00e9, pri\u00e8re de nous contacter par email <a style=\"color: #ff6600;\" href=\"mailto:info@teamstone.eu\"><span style=\"color: #003366;\">info@teamstone.eu<\/span><\/a><\/span><\/h5>\n<p>[\/vc_column_text][vc_column_text]<\/p>\n<h6><img loading=\"lazy\" class=\"alignnone wp-image-2914 size-full\" src=\"https:\/\/teamstone.eu\/loja\/wp-content\/uploads\/2017\/06\/reciclavel.png\" alt=\"\" width=\"50\" height=\"47\" \/><strong>Article recyclable; \u00e0 la \u201cfin de la vie&#8221; peut \u00eatre plac\u00e9 \u00e0 un point de collecte<\/strong>.<\/h6>\n<p>[\/vc_column_text][\/vc_column][\/vc_row][vc_row el_id=&#8221;tamanhos&#8221;][vc_column][vc_empty_space height=&#8221;60px&#8221;][vc_tta_accordion style=&#8221;modern&#8221; active_section=&#8221;non-existing number&#8221; collapsible_all=&#8221;true&#8221;][vc_tta_section title=&#8221;Tableau des Tailles&#8221; tab_id=&#8221;1524225399024-c7e87548-dfdd&#8221;][vc_column_text]<\/p>\n<div class=\"guide\">\n<p><img loading=\"lazy\" class=\"size-full wp-image-12666\" src=\"https:\/\/teamstone.eu\/loja\/wp-content\/uploads\/2021\/07\/TABELA-DE-MEDIDAS-HOODIE-UNISEXO-FR.jpg\" alt=\"\" width=\"773\" height=\"353\" srcset=\"https:\/\/teamstone.fr\/loja\/wp-content\/uploads\/2021\/07\/TABELA-DE-MEDIDAS-HOODIE-UNISEXO-FR.jpg 773w, https:\/\/teamstone.fr\/loja\/wp-content\/uploads\/2021\/07\/TABELA-DE-MEDIDAS-HOODIE-UNISEXO-FR-300x137.jpg 300w, https:\/\/teamstone.fr\/loja\/wp-content\/uploads\/2021\/07\/TABELA-DE-MEDIDAS-HOODIE-UNISEXO-FR-100x46.jpg 100w, https:\/\/teamstone.fr\/loja\/wp-content\/uploads\/2021\/07\/TABELA-DE-MEDIDAS-HOODIE-UNISEXO-FR-768x351.jpg 768w, https:\/\/teamstone.fr\/loja\/wp-content\/uploads\/2021\/07\/TABELA-DE-MEDIDAS-HOODIE-UNISEXO-FR-600x274.jpg 600w, https:\/\/teamstone.fr\/loja\/wp-content\/uploads\/2021\/07\/TABELA-DE-MEDIDAS-HOODIE-UNISEXO-FR-700x320.jpg 700w\" sizes=\"(max-width: 773px) 100vw, 773px\" \/><\/p>\n<\/div>\n<p>[\/vc_column_text][\/vc_tta_section][\/vc_tta_accordion][\/vc_column][\/vc_row][vc_row][vc_column][\/vc_column][\/vc_row]<\/p>\n","protected":false},"excerpt":{"rendered":"<p><strong><img loading=\"lazy\" class=\"aligncenter wp-image-11703 size-full\" src=\"https:\/\/teamstone.eu\/loja\/wp-content\/uploads\/2021\/04\/FeelGreem.png\" alt=\"FeelGreen\" width=\"931\" height=\"78\" srcset=\"https:\/\/teamstone.fr\/loja\/wp-content\/uploads\/2021\/04\/FeelGreem.png 931w, https:\/\/teamstone.fr\/loja\/wp-content\/uploads\/2021\/04\/FeelGreem-300x25.png 300w, https:\/\/teamstone.fr\/loja\/wp-content\/uploads\/2021\/04\/FeelGreem-100x8.png 100w, https:\/\/teamstone.fr\/loja\/wp-content\/uploads\/2021\/04\/FeelGreem-768x64.png 768w, https:\/\/teamstone.fr\/loja\/wp-content\/uploads\/2021\/04\/FeelGreem-600x50.png 600w, https:\/\/teamstone.fr\/loja\/wp-content\/uploads\/2021\/04\/FeelGreem-700x59.png 700w\" sizes=\"(max-width: 931px) 100vw, 931px\" \/><\/strong><\/p>\n<ul>\n<li style=\"text-align: left;\"><strong>Capuche doubl\u00e9e\u00a0<\/strong><\/li>\n<li style=\"text-align: left;\"><strong>Poches lat\u00e9rales discr\u00e8tes<\/strong><\/li>\n<li style=\"text-align: left;\"><strong>Poignets et base en \u00e9lasthanne<\/strong><\/li>\n<li style=\"text-align: left;\"><strong>Broderie FeelGreen<\/strong><\/li>\n<li style=\"text-align: left;\"><strong>100% \u00e9co-responsable<\/strong><\/li>\n<li style=\"text-align: left;\"><strong>MADE IN PORTUGAL<\/strong><\/li>\n<li style=\"text-align: left;\"><a href=\"#tamanhos\" rel=\"noopener\"><strong>Voir Tableau des Tailles<\/strong><\/a><\/li>\n<\/ul>\n","protected":false},"featured_media":12467,"comment_status":"open","ping_status":"closed","template":"","meta":[],"_links":{"self":[{"href":"https:\/\/teamstone.fr\/loja\/wp-json\/wp\/v2\/product\/12661"}],"collection":[{"href":"https:\/\/teamstone.fr\/loja\/wp-json\/wp\/v2\/product"}],"about":[{"href":"https:\/\/teamstone.fr\/loja\/wp-json\/wp\/v2\/types\/product"}],"replies":[{"embeddable":true,"href":"https:\/\/teamstone.fr\/loja\/wp-json\/wp\/v2\/comments?post=12661"}],"wp:featuredmedia":[{"embeddable":true,"href":"https:\/\/teamstone.fr\/loja\/wp-json\/wp\/v2\/media\/12467"}],"wp:attachment":[{"href":"https:\/\/teamstone.fr\/loja\/wp-json\/wp\/v2\/media?parent=12661"}],"curies":[{"name":"wp","href":"https:\/\/api.w.org\/{rel}","templated":true}]}}