{"id":12343,"date":"2021-06-18T16:07:10","date_gmt":"2021-06-18T16:07:10","guid":{"rendered":"https:\/\/teamstone.eu\/loja\/?post_type=product&#038;p=12343"},"modified":"2021-09-17T16:33:55","modified_gmt":"2021-09-17T16:33:55","slug":"sweat-zippe-a-capuche-unisexe-oceano-made-in-portugal-by-teamstone","status":"publish","type":"product","link":"https:\/\/teamstone.fr\/loja\/product\/sweat-zippe-a-capuche-unisexe-oceano-made-in-portugal-by-teamstone\/","title":{"rendered":"Sweat zipp\u00e9 \u00e0 capuche Unisexe, Oceano"},"content":{"rendered":"<p>[vc_row content_placement=&#8221;top&#8221;][vc_column][vc_column_text]<\/p>\n<p style=\"text-align: left;\">Sweat avec capuche \u2013 Hodies Stille. Parfait pour utiliser lors de votre jogging ou en tant que tenue d\u00e9contract\u00e9e.<\/p>\n<p style=\"text-align: left;\">Fermeture zipp\u00e9e, poignets et base en bords c\u00f4tel\u00e9s.<\/p>\n<p style=\"text-align: left;\">Bien chaud et tr\u00e8s confortable. Avec une coupe unisexe, taille semi-ceintur\u00e9e, moderne et tr\u00e8s fashion. 100% \u00e9co-responsable.<\/p>\n<p style=\"text-align: left;\">Le mannequin femme mesure 170 cm, et porte une taille L.<\/p>\n<p style=\"text-align: left;\">Le mannequin homme mesure 180 cm, et porte une taille XL.<\/p>\n<p style=\"text-align: left;\">Contr\u00f4le de confection et qualit\u00e9.<\/p>\n<p style=\"text-align: left;\">Fabriqu\u00e9 au Portugal.<\/p>\n<p style=\"text-align: left;\">Made in Portugal<\/p>\n<p style=\"text-align: left;\">Composition &amp; Soin:<br \/>\n\u2013 Maille 100% \u00c9co \u00a0&#8211; 50% cotton recycl\u00e9 \/ 47% polyester recycl\u00e9 \/ 3% autres fibres<br \/>\n\u2013 Lavable en machine \u00e0 30\u00b0 avec des couleurs similaires<br \/>\n\u2013 Laver et repasser du c\u00f4t\u00e9 envers du produit<\/p>\n<p>[\/vc_column_text][vc_column_text]<\/p>\n<h5 style=\"text-align: center;\"><span style=\"color: #ff6600;\">Si ce produit est \u00e9puis\u00e9, pri\u00e8re de nous contacter par email <a style=\"color: #ff6600;\" href=\"mailto:info@teamstone.eu\"><span style=\"color: #003366;\">info@teamstone.eu<\/span><\/a><\/span><\/h5>\n<p>[\/vc_column_text][vc_column_text]<\/p>\n<h6><img loading=\"lazy\" class=\"alignnone wp-image-2914 size-full\" src=\"https:\/\/teamstone.eu\/loja\/wp-content\/uploads\/2017\/06\/reciclavel.png\" alt=\"\" width=\"50\" height=\"47\" \/><strong>Article recyclable; \u00e0 la \u201cfin de la vie&#8221; peut \u00eatre plac\u00e9 \u00e0 un point de collecte<\/strong>.<\/h6>\n<p>[\/vc_column_text][\/vc_column][\/vc_row][vc_row el_id=&#8221;tamanhos&#8221;][vc_column][vc_empty_space height=&#8221;60px&#8221;][vc_tta_accordion style=&#8221;modern&#8221; active_section=&#8221;non-existing number&#8221; collapsible_all=&#8221;true&#8221;][vc_tta_section title=&#8221;Tableau des Tailles&#8221; tab_id=&#8221;1524225399024-c7e87548-dfdd&#8221;][vc_column_text]<\/p>\n<div class=\"guide\">\n<p><img loading=\"lazy\" class=\"aligncenter wp-image-12355 size-full\" src=\"https:\/\/teamstone.eu\/loja\/wp-content\/uploads\/2021\/06\/TABELA-DE-MEDIDAS-CASACO-UNISEXO-FR-1.jpg\" alt=\"\" width=\"774\" height=\"308\" srcset=\"https:\/\/teamstone.fr\/loja\/wp-content\/uploads\/2021\/06\/TABELA-DE-MEDIDAS-CASACO-UNISEXO-FR-1.jpg 774w, https:\/\/teamstone.fr\/loja\/wp-content\/uploads\/2021\/06\/TABELA-DE-MEDIDAS-CASACO-UNISEXO-FR-1-300x119.jpg 300w, https:\/\/teamstone.fr\/loja\/wp-content\/uploads\/2021\/06\/TABELA-DE-MEDIDAS-CASACO-UNISEXO-FR-1-100x40.jpg 100w, https:\/\/teamstone.fr\/loja\/wp-content\/uploads\/2021\/06\/TABELA-DE-MEDIDAS-CASACO-UNISEXO-FR-1-768x306.jpg 768w, https:\/\/teamstone.fr\/loja\/wp-content\/uploads\/2021\/06\/TABELA-DE-MEDIDAS-CASACO-UNISEXO-FR-1-600x239.jpg 600w, https:\/\/teamstone.fr\/loja\/wp-content\/uploads\/2021\/06\/TABELA-DE-MEDIDAS-CASACO-UNISEXO-FR-1-700x279.jpg 700w\" sizes=\"(max-width: 774px) 100vw, 774px\" \/><\/p>\n<\/div>\n<p>[\/vc_column_text][\/vc_tta_section][\/vc_tta_accordion][\/vc_column][\/vc_row][vc_row][vc_column][\/vc_column][\/vc_row]<\/p>\n","protected":false},"excerpt":{"rendered":"<p><strong><img loading=\"lazy\" class=\"aligncenter wp-image-11703 size-full\" src=\"https:\/\/teamstone.eu\/loja\/wp-content\/uploads\/2021\/04\/FeelGreem.png\" alt=\"FeelGreen\" width=\"931\" height=\"78\" srcset=\"https:\/\/teamstone.fr\/loja\/wp-content\/uploads\/2021\/04\/FeelGreem.png 931w, https:\/\/teamstone.fr\/loja\/wp-content\/uploads\/2021\/04\/FeelGreem-300x25.png 300w, https:\/\/teamstone.fr\/loja\/wp-content\/uploads\/2021\/04\/FeelGreem-100x8.png 100w, https:\/\/teamstone.fr\/loja\/wp-content\/uploads\/2021\/04\/FeelGreem-768x64.png 768w, https:\/\/teamstone.fr\/loja\/wp-content\/uploads\/2021\/04\/FeelGreem-600x50.png 600w, https:\/\/teamstone.fr\/loja\/wp-content\/uploads\/2021\/04\/FeelGreem-700x59.png 700w\" sizes=\"(max-width: 931px) 100vw, 931px\" \/><\/strong><\/p>\n<p style=\"text-align: left;\"><strong>Sweat \u00e0 capuche unisexe \u00e0 usage multiple et pour sport.<\/strong><\/p>\n<p style=\"text-align: left;\"><strong>100%\u00a0 \u00e9co-responsable.<\/strong><\/p>\n<ul style=\"text-align: left;\">\n<li><strong>Capuche doubl\u00e9e<\/strong><\/li>\n<li><strong>Lien de serrage<\/strong><\/li>\n<li><strong>Fermeture zipp\u00e9e<\/strong><\/li>\n<li><strong>Poches kangourou<\/strong><\/li>\n<li><strong>Finition bords c\u00f4tel\u00e9s \u00e0 la base et aux poignets<\/strong><\/li>\n<li><strong>Broderie FeelGreen<\/strong><\/li>\n<li><strong>MADE IN PORTUGAL<\/strong><\/li>\n<li><a href=\"#tamanhos\" rel=\"noopener\"><strong>Voir Tableau des Tailles<\/strong><\/a><\/li>\n<\/ul>\n","protected":false},"featured_media":12147,"comment_status":"open","ping_status":"closed","template":"","meta":[],"_links":{"self":[{"href":"https:\/\/teamstone.fr\/loja\/wp-json\/wp\/v2\/product\/12343"}],"collection":[{"href":"https:\/\/teamstone.fr\/loja\/wp-json\/wp\/v2\/product"}],"about":[{"href":"https:\/\/teamstone.fr\/loja\/wp-json\/wp\/v2\/types\/product"}],"replies":[{"embeddable":true,"href":"https:\/\/teamstone.fr\/loja\/wp-json\/wp\/v2\/comments?post=12343"}],"wp:featuredmedia":[{"embeddable":true,"href":"https:\/\/teamstone.fr\/loja\/wp-json\/wp\/v2\/media\/12147"}],"wp:attachment":[{"href":"https:\/\/teamstone.fr\/loja\/wp-json\/wp\/v2\/media?parent=12343"}],"curies":[{"name":"wp","href":"https:\/\/api.w.org\/{rel}","templated":true}]}}