{"id":11443,"date":"2021-04-30T19:17:10","date_gmt":"2021-04-30T19:17:10","guid":{"rendered":"https:\/\/teamstone.eu\/loja\/?post_type=product&#038;p=11443"},"modified":"2021-05-04T18:50:46","modified_gmt":"2021-05-04T18:50:46","slug":"parure-de-bain-brode-monogramme-blanc-made-in-portugal-by-teamstone","status":"publish","type":"product","link":"https:\/\/teamstone.fr\/loja\/product\/parure-de-bain-brode-monogramme-blanc-made-in-portugal-by-teamstone\/","title":{"rendered":"Parure de bain brod\u00e9 monogramme, Blanc"},"content":{"rendered":"<p>[vc_row content_placement=&#8221;top&#8221;][vc_column][vc_column_text]<\/p>\n<p style=\"text-align: left;\">Emsemble de serviettes de bain de QUALITE \u2013 En 100% pur coton peign\u00e9 avec un grammage 600 gr\/m2. D\u00e9coration de luxe avec\u00a0 broderie monogramme. Enveloppez-vous dans ces serviettes extra soft, avec un excellent pouvoir d\u2019absorption d\u2019eau.<\/p>\n<p style=\"text-align: left;\">Offrez un cadeau unique avec la broderie personnalis\u00e9e.<\/p>\n<p style=\"text-align: left;\">TeamStone vous propose des produits b\u00e9n\u00e9ficiant du label Oeko-Tex Standard 100, un label textile ind\u00e9pendant qui garantit l&#8217;absence de substances nocives pour la sant\u00e9 et l&#8217;environnement. Nos produits sont ainsi contr\u00f4l\u00e9s \u00e0 chaque \u00e9tape de fabrication et ne pr\u00e9sentent aucun risque pour la peau des adultes comme des plus jeunes enfants.<\/p>\n<p style=\"text-align: left;\">Nous vous recommandons de les laver avant leur utilisation. Les serviettes acqui\u00e8rent leur totale capacit\u00e9 d\u2019absorption apr\u00e8s leur premier lavage.<\/p>\n<p style=\"text-align: left;\">Garantie de contr\u00f4le de qualit\u00e9<br \/>\nFabriqu\u00e9 au Portugal<br \/>\nMade in Portugal<\/p>\n<p style=\"text-align: left;\"><strong>\u00a0<\/strong><\/p>\n<p>[\/vc_column_text][vc_column_text]<\/p>\n<h5 style=\"text-align: center;\"><span style=\"color: #ff6600;\">Si ce produit est \u00e9puis\u00e9, pri\u00e8re de nous contacter par email <a style=\"color: #ff6600;\" href=\"mailto:info@teamstone.eu\"><span style=\"color: #003366;\">info@teamstone.eu<\/span><\/a><\/span><\/h5>\n<p>[\/vc_column_text][vc_column_text]<\/p>\n<h6><img loading=\"lazy\" class=\"alignnone wp-image-2914 size-full\" src=\"https:\/\/teamstone.eu\/loja\/wp-content\/uploads\/2017\/06\/reciclavel.png\" alt=\"\" width=\"50\" height=\"47\" \/><strong>Article recyclable; \u00e0 la \u201cfin de la vie&#8221; peut \u00eatre plac\u00e9 \u00e0 un point de collecte<\/strong>.<\/h6>\n<p>[\/vc_column_text][\/vc_column][\/vc_row][vc_row el_id=&#8221;tamanhos&#8221;][vc_column][vc_empty_space height=&#8221;60px&#8221;][vc_tta_accordion style=&#8221;modern&#8221; active_section=&#8221;non-existing number&#8221; collapsible_all=&#8221;true&#8221;][vc_tta_section title=&#8221;DETAILS&#8221; tab_id=&#8221;1524225399024-c7e87548-dfdd&#8221;][vc_column_text]<\/p>\n<div class=\"intro\"><\/div>\n<div class=\"guide\">\n<p>&nbsp;<\/p>\n<\/div>\n<p>[\/vc_column_text][\/vc_tta_section][\/vc_tta_accordion][\/vc_column][\/vc_row][vc_row][vc_column][\/vc_column][\/vc_row]<\/p>\n","protected":false},"excerpt":{"rendered":"<p><strong>Emsemble de serviettes de bain de QUALITE \u2013 En 100% pur coton peign\u00e9 avec un grammage 600 gr\/m2. D\u00e9coration de luxe avec\u00a0 broderie monogramme. Enveloppez-vous dans ces serviettes extra soft, avec un excellent pouvoir d\u2019absorption d\u2019eau.<br \/>\nMade in Portugal<\/strong><\/p>\n<p>&nbsp;<\/p>\n<h6><\/h6>\n","protected":false},"featured_media":11438,"comment_status":"open","ping_status":"closed","template":"","meta":[],"_links":{"self":[{"href":"https:\/\/teamstone.fr\/loja\/wp-json\/wp\/v2\/product\/11443"}],"collection":[{"href":"https:\/\/teamstone.fr\/loja\/wp-json\/wp\/v2\/product"}],"about":[{"href":"https:\/\/teamstone.fr\/loja\/wp-json\/wp\/v2\/types\/product"}],"replies":[{"embeddable":true,"href":"https:\/\/teamstone.fr\/loja\/wp-json\/wp\/v2\/comments?post=11443"}],"wp:featuredmedia":[{"embeddable":true,"href":"https:\/\/teamstone.fr\/loja\/wp-json\/wp\/v2\/media\/11438"}],"wp:attachment":[{"href":"https:\/\/teamstone.fr\/loja\/wp-json\/wp\/v2\/media?parent=11443"}],"curies":[{"name":"wp","href":"https:\/\/api.w.org\/{rel}","templated":true}]}}