{"id":10985,"date":"2021-04-12T18:34:50","date_gmt":"2021-04-12T18:34:50","guid":{"rendered":"https:\/\/teamstone.eu\/loja\/?post_type=product&#038;p=10985"},"modified":"2023-03-03T12:39:38","modified_gmt":"2023-03-03T12:39:38","slug":"ensemble-detente-t-shirt-pantacourt-jaune-made-in-portugal-by-teamstone","status":"publish","type":"product","link":"https:\/\/teamstone.fr\/loja\/product\/ensemble-detente-t-shirt-pantacourt-jaune-made-in-portugal-by-teamstone\/","title":{"rendered":"Ensemble d\u00e9tente T-Shirt + pantacourt, Jaune"},"content":{"rendered":"<p>[vc_row content_placement=&#8221;top&#8221;][vc_column][vc_column_text]<\/p>\n<p style=\"text-align: left;\">Parfait Homewear ou Outwear, toujours tr\u00e8s f\u00e9minin et pr\u00e9sentable. Ensemble de 2 pi\u00e8ces: T-shirt + pantalon. T-shirt \u00e0 manches courtes avec encolure ronde, base et bas de manche de la\u00a0 m\u00eame maille que le pantalon. Le pantalon droit et large avec une taille \u00e9lastiqu\u00e9e, donne un style pratique et moderne. 100% Eco-responsable. Certifications associ\u00e9es &#8211; FeelGreen.<\/p>\n<p style=\"text-align: left;\">Contr\u00f4le de confection et qualit\u00e9.<\/p>\n<p style=\"text-align: left;\">Le mannequin\u00a0 mesure 170 cm, et porte une taille 42\/44<\/p>\n<p style=\"text-align: left;\">Le mannequin mesure 182 cm, et porte une taille 38\/40<\/p>\n<p style=\"text-align: left;\">Fabriqu\u00e9 au Portugal.<\/p>\n<p style=\"text-align: left;\">Made in Portugal<\/p>\n<p style=\"text-align: left;\">Composition &amp; Soin:<br \/>\n\u2013 Ensemble d\u00e9tente en maille 100% \u00e9co-responsable: 50% Coton recycl\u00e9 \/ 47% Polyester Recycl\u00e9 R-PET \/ 3% Autres fibres.<br \/>\n\u2013 Lavable en machine \u00e0 30\u00b0 avec des couleurs similaires<br \/>\n\u2013 Laver et repasser du c\u00f4t\u00e9 envers du produit<\/p>\n<p>[\/vc_column_text][vc_column_text]<\/p>\n<h5 style=\"text-align: center;\"><span style=\"color: #ff6600;\">Si ce produit est \u00e9puis\u00e9, pri\u00e8re de nous contacter par email <a style=\"color: #ff6600;\" href=\"mailto:info@teamstone.eu\"><span style=\"color: #003366;\">info@teamstone.eu<\/span><\/a><\/span><\/h5>\n<p>[\/vc_column_text][vc_column_text]<\/p>\n<h6><img loading=\"lazy\" class=\"alignnone wp-image-2914 size-full\" src=\"https:\/\/teamstone.eu\/loja\/wp-content\/uploads\/2017\/06\/reciclavel.png\" alt=\"\" width=\"50\" height=\"47\" \/><strong>Article recyclable; \u00e0 la \u201cfin de la vie&#8221; peut \u00eatre plac\u00e9 \u00e0 un point de collecte<\/strong>.<\/h6>\n<p><img loading=\"lazy\" class=\"aligncenter wp-image-11822 \" src=\"https:\/\/teamstone.eu\/loja\/wp-content\/uploads\/2021\/04\/ATP-ASSOCIACAO-TEXTIL-E-VESTUARIO-DE-PORTUGAL-281x300.png\" alt=\"\" width=\"144\" height=\"154\" srcset=\"https:\/\/teamstone.fr\/loja\/wp-content\/uploads\/2021\/04\/ATP-ASSOCIACAO-TEXTIL-E-VESTUARIO-DE-PORTUGAL-281x300.png 281w, https:\/\/teamstone.fr\/loja\/wp-content\/uploads\/2021\/04\/ATP-ASSOCIACAO-TEXTIL-E-VESTUARIO-DE-PORTUGAL-100x107.png 100w, https:\/\/teamstone.fr\/loja\/wp-content\/uploads\/2021\/04\/ATP-ASSOCIACAO-TEXTIL-E-VESTUARIO-DE-PORTUGAL.png 422w\" sizes=\"(max-width: 144px) 100vw, 144px\" \/>[\/vc_column_text][\/vc_column][\/vc_row][vc_row el_id=&#8221;tamanhos&#8221;][vc_column][vc_empty_space height=&#8221;60px&#8221;][vc_tta_accordion style=&#8221;modern&#8221; active_section=&#8221;non-existing number&#8221; collapsible_all=&#8221;true&#8221;][vc_tta_section title=&#8221;Tableau des Tailles&#8221; tab_id=&#8221;1524225399024-c7e87548-dfdd&#8221;][vc_column_text]<\/p>\n<div class=\"intro\"><img loading=\"lazy\" class=\"aligncenter wp-image-8813 size-full\" src=\"https:\/\/teamstone.eu\/loja\/wp-content\/uploads\/2020\/12\/tabelas-de-medidas-tamanhos-grandes-34-36-ao-62-64-FRANCES-1.png\" alt=\"\" width=\"799\" height=\"603\" srcset=\"https:\/\/teamstone.fr\/loja\/wp-content\/uploads\/2020\/12\/tabelas-de-medidas-tamanhos-grandes-34-36-ao-62-64-FRANCES-1.png 799w, https:\/\/teamstone.fr\/loja\/wp-content\/uploads\/2020\/12\/tabelas-de-medidas-tamanhos-grandes-34-36-ao-62-64-FRANCES-1-300x226.png 300w, https:\/\/teamstone.fr\/loja\/wp-content\/uploads\/2020\/12\/tabelas-de-medidas-tamanhos-grandes-34-36-ao-62-64-FRANCES-1-100x75.png 100w, https:\/\/teamstone.fr\/loja\/wp-content\/uploads\/2020\/12\/tabelas-de-medidas-tamanhos-grandes-34-36-ao-62-64-FRANCES-1-768x580.png 768w, https:\/\/teamstone.fr\/loja\/wp-content\/uploads\/2020\/12\/tabelas-de-medidas-tamanhos-grandes-34-36-ao-62-64-FRANCES-1-600x453.png 600w, https:\/\/teamstone.fr\/loja\/wp-content\/uploads\/2020\/12\/tabelas-de-medidas-tamanhos-grandes-34-36-ao-62-64-FRANCES-1-700x528.png 700w\" sizes=\"(max-width: 799px) 100vw, 799px\" \/><\/div>\n<div class=\"guide\">\n<p>&nbsp;<\/p>\n<\/div>\n<p>[\/vc_column_text][\/vc_tta_section][\/vc_tta_accordion][\/vc_column][\/vc_row][vc_row][vc_column][\/vc_column][\/vc_row]<\/p>\n","protected":false},"excerpt":{"rendered":"<p><img loading=\"lazy\" class=\"aligncenter wp-image-11703 size-full\" src=\"https:\/\/teamstone.eu\/loja\/wp-content\/uploads\/2021\/04\/FeelGreem.png\" alt=\"FeelGren\" width=\"931\" height=\"78\" srcset=\"https:\/\/teamstone.fr\/loja\/wp-content\/uploads\/2021\/04\/FeelGreem.png 931w, https:\/\/teamstone.fr\/loja\/wp-content\/uploads\/2021\/04\/FeelGreem-300x25.png 300w, https:\/\/teamstone.fr\/loja\/wp-content\/uploads\/2021\/04\/FeelGreem-100x8.png 100w, https:\/\/teamstone.fr\/loja\/wp-content\/uploads\/2021\/04\/FeelGreem-768x64.png 768w, https:\/\/teamstone.fr\/loja\/wp-content\/uploads\/2021\/04\/FeelGreem-600x50.png 600w, https:\/\/teamstone.fr\/loja\/wp-content\/uploads\/2021\/04\/FeelGreem-700x59.png 700w\" sizes=\"(max-width: 931px) 100vw, 931px\" \/><\/p>\n<p><strong>Parfait Homewear ou Outwear, toujours tr\u00e8s f\u00e9minin et pr\u00e9sentable. Ensemble d\u00e9tente de 2 pi\u00e8ces: T-shirt + pantalon court.\u00a0 100% Eco-responsable. Certifications associ\u00e9es &#8211; FeelGreen.\u00a0<\/strong><br \/>\n<strong>MADE IN PORTUGAL<\/strong><\/p>\n<h5><a href=\"#tamanhos\" rel=\"noopener\"><strong>Voir Tableau des Tailles<\/strong><\/a><\/h5>\n","protected":false},"featured_media":12890,"comment_status":"open","ping_status":"closed","template":"","meta":[],"_links":{"self":[{"href":"https:\/\/teamstone.fr\/loja\/wp-json\/wp\/v2\/product\/10985"}],"collection":[{"href":"https:\/\/teamstone.fr\/loja\/wp-json\/wp\/v2\/product"}],"about":[{"href":"https:\/\/teamstone.fr\/loja\/wp-json\/wp\/v2\/types\/product"}],"replies":[{"embeddable":true,"href":"https:\/\/teamstone.fr\/loja\/wp-json\/wp\/v2\/comments?post=10985"}],"wp:featuredmedia":[{"embeddable":true,"href":"https:\/\/teamstone.fr\/loja\/wp-json\/wp\/v2\/media\/12890"}],"wp:attachment":[{"href":"https:\/\/teamstone.fr\/loja\/wp-json\/wp\/v2\/media?parent=10985"}],"curies":[{"name":"wp","href":"https:\/\/api.w.org\/{rel}","templated":true}]}}