{"id":10876,"date":"2021-04-30T14:05:51","date_gmt":"2021-04-30T14:05:51","guid":{"rendered":"https:\/\/teamstone.eu\/loja\/?post_type=product&#038;p=10876"},"modified":"2024-11-27T18:04:41","modified_gmt":"2024-11-27T18:04:41","slug":"peignoir-bleu-marine-imprime-coeurs-made-in-porttugal-by-teamstone","status":"publish","type":"product","link":"https:\/\/teamstone.fr\/loja\/product\/peignoir-bleu-marine-imprime-coeurs-made-in-porttugal-by-teamstone\/","title":{"rendered":"Peignoir bleu marine imprim\u00e9 coeurs"},"content":{"rendered":"<p>[vc_row content_placement=&#8221;top&#8221;][vc_column][vc_column_text]<\/p>\n<p style=\"text-align: left;\">Peignoir bleu marine imprim\u00e9 couers\u00a0 en maille de qualit\u00e9, toucher doux et confort garanti.<br \/>\nManches longues, coupe enveloppante avec bande rapport\u00e9e \u00e0 l&#8217;encolure V, crois\u00e9e par ceinture \u00e0 nouer sous passants. Poches c\u00f4t\u00e9 discr\u00e8tes.<\/p>\n<p style=\"text-align: left;\">Le mannequin mesure 170 cm, et porte une taille 42\/44<\/p>\n<p style=\"text-align: left;\">Longueur: Env. 100 cm<\/p>\n<p style=\"text-align: left;\">Contr\u00f4le de confection et qualit\u00e9.<\/p>\n<p style=\"text-align: left;\">Fabriqu\u00e9 au Portugal.<\/p>\n<p style=\"text-align: left;\">Made in Portugal<\/p>\n<p style=\"text-align: left;\">Composition &amp; Soin:<br \/>\n\u2013 Robe de chambre en maille moelleuse<br \/>\n\u2013 Lavable en machine \u00e0 30\u00b0 avec des couleurs similaires<br \/>\n\u2013 Laver et repasser du c\u00f4t\u00e9 envers du produit<\/p>\n<p>[\/vc_column_text][vc_column_text]<\/p>\n<h5 style=\"text-align: center;\"><span style=\"color: #ff6600;\">Si ce produit est \u00e9puis\u00e9, pri\u00e8re de nous contacter par email <a style=\"color: #ff6600;\" href=\"mailto:info@teamstone.eu\"><span style=\"color: #003366;\">info@teamstone.eu<\/span><\/a><\/span><\/h5>\n<p>[\/vc_column_text][vc_column_text]<\/p>\n<h6><img loading=\"lazy\" class=\"alignnone wp-image-2914 size-full\" src=\"https:\/\/teamstone.eu\/loja\/wp-content\/uploads\/2017\/06\/reciclavel.png\" alt=\"\" width=\"50\" height=\"47\" \/><strong>Article recyclable; \u00e0 la \u201cfin de la vie&#8221; peut \u00eatre plac\u00e9 \u00e0 un point de collecte<\/strong>.<\/h6>\n<p>[\/vc_column_text][\/vc_column][\/vc_row][vc_row el_id=&#8221;tamanhos&#8221;][vc_column][vc_empty_space height=&#8221;60px&#8221;][vc_tta_accordion style=&#8221;modern&#8221; active_section=&#8221;non-existing number&#8221; collapsible_all=&#8221;true&#8221;][vc_tta_section title=&#8221;Tableau des Tailles&#8221; tab_id=&#8221;1524225399024-c7e87548-dfdd&#8221;][vc_column_text]<\/p>\n<div class=\"intro\"><img loading=\"lazy\" class=\"aligncenter wp-image-8813 size-full\" src=\"https:\/\/teamstone.eu\/loja\/wp-content\/uploads\/2020\/12\/tabelas-de-medidas-tamanhos-grandes-34-36-ao-62-64-FRANCES-1.png\" alt=\"\" width=\"799\" height=\"603\" srcset=\"https:\/\/teamstone.fr\/loja\/wp-content\/uploads\/2020\/12\/tabelas-de-medidas-tamanhos-grandes-34-36-ao-62-64-FRANCES-1.png 799w, https:\/\/teamstone.fr\/loja\/wp-content\/uploads\/2020\/12\/tabelas-de-medidas-tamanhos-grandes-34-36-ao-62-64-FRANCES-1-300x226.png 300w, https:\/\/teamstone.fr\/loja\/wp-content\/uploads\/2020\/12\/tabelas-de-medidas-tamanhos-grandes-34-36-ao-62-64-FRANCES-1-100x75.png 100w, https:\/\/teamstone.fr\/loja\/wp-content\/uploads\/2020\/12\/tabelas-de-medidas-tamanhos-grandes-34-36-ao-62-64-FRANCES-1-768x580.png 768w, https:\/\/teamstone.fr\/loja\/wp-content\/uploads\/2020\/12\/tabelas-de-medidas-tamanhos-grandes-34-36-ao-62-64-FRANCES-1-600x453.png 600w, https:\/\/teamstone.fr\/loja\/wp-content\/uploads\/2020\/12\/tabelas-de-medidas-tamanhos-grandes-34-36-ao-62-64-FRANCES-1-700x528.png 700w\" sizes=\"(max-width: 799px) 100vw, 799px\" \/><\/div>\n<div class=\"guide\">\n<p>&nbsp;<\/p>\n<\/div>\n<p>[\/vc_column_text][\/vc_tta_section][\/vc_tta_accordion][\/vc_column][\/vc_row][vc_row][vc_column][\/vc_column][\/vc_row]<\/p>\n","protected":false},"excerpt":{"rendered":"<p><strong>Peignoir bleu marine imprim\u00e9 couers\u00a0 en maille de qualit\u00e9, toucher doux et confort garanti.<br \/>\nManches longues, coupe enveloppante avec bande rapport\u00e9e \u00e0 l&#8217;encolure V, crois\u00e9e par ceinture \u00e0 nouer sous passants. Poches c\u00f4t\u00e9 discr\u00e8tes.<\/strong><\/p>\n<p><strong>MADE IN PORTUGAL<\/strong><\/p>\n<h5><a href=\"#tamanhos\" rel=\"noopener\"><strong>Voir Tableau des Tailles<\/strong><\/a><\/h5>\n","protected":false},"featured_media":11696,"comment_status":"open","ping_status":"closed","template":"","meta":[],"_links":{"self":[{"href":"https:\/\/teamstone.fr\/loja\/wp-json\/wp\/v2\/product\/10876"}],"collection":[{"href":"https:\/\/teamstone.fr\/loja\/wp-json\/wp\/v2\/product"}],"about":[{"href":"https:\/\/teamstone.fr\/loja\/wp-json\/wp\/v2\/types\/product"}],"replies":[{"embeddable":true,"href":"https:\/\/teamstone.fr\/loja\/wp-json\/wp\/v2\/comments?post=10876"}],"wp:featuredmedia":[{"embeddable":true,"href":"https:\/\/teamstone.fr\/loja\/wp-json\/wp\/v2\/media\/11696"}],"wp:attachment":[{"href":"https:\/\/teamstone.fr\/loja\/wp-json\/wp\/v2\/media?parent=10876"}],"curies":[{"name":"wp","href":"https:\/\/api.w.org\/{rel}","templated":true}]}}